{"id":138,"date":"2021-05-19T11:08:55","date_gmt":"2021-05-19T11:08:55","guid":{"rendered":"https:\/\/erb.ambition4clients.nl\/?post_type=product&#038;p=138"},"modified":"2026-04-20T12:38:38","modified_gmt":"2026-04-20T10:38:38","slug":"issue-zero-opuscule","status":"publish","type":"product","link":"https:\/\/europeanreviewofbooks.com\/de\/product\/issue-zero-opuscule\/","title":{"rendered":"Issue Zero \u2013 Opuscule"},"content":{"rendered":"","protected":false},"excerpt":{"rendered":"<p>Issue Zero was our digital\u00a0<em>opuscule<\/em>, in May and June, 2021. It was a start, coincident with our crowdfunding campaign, where we could show what we wanted to publish and reflect on the endeavor itself. What should be in the European Review of Books? What could\u00a0<em>only<\/em>\u00a0be in the European Review of Books? We wanted to show the gears.<\/p>\n","protected":false},"featured_media":41288,"template":"","meta":{"_acf_changed":false,"_ccgs_hide_in_listing":false,"_ccgs_reviewed_by":"","_ccgs_translated_by":"","inline_featured_image":false,"jetpack_post_was_ever_published":false},"product_brand":[],"product_cat":[20],"product_tag":[364,328],"class_list":{"0":"post-138","1":"product","2":"type-product","3":"status-publish","4":"has-post-thumbnail","6":"product_cat-issues","7":"product_tag-issue-zero","8":"product_tag-issues","10":"first","11":"outofstock","12":"taxable","13":"shipping-taxable","14":"purchasable","15":"product-type-simple"},"acf":[],"mb":[],"yoast_head":"<!-- This site is optimized with the Yoast SEO plugin v27.4 - https:\/\/yoast.com\/product\/yoast-seo-wordpress\/ -->\n<title>Issue Zero \u2013 Opuscule - The European Review of Books<\/title>\n<meta name=\"robots\" content=\"index, follow, max-snippet:-1, max-image-preview:large, max-video-preview:-1\" \/>\n<link rel=\"canonical\" href=\"https:\/\/europeanreviewofbooks.com\/product\/issue-zero-opuscule\/\" \/>\n<meta property=\"og:locale\" content=\"de_DE\" \/>\n<meta property=\"og:type\" content=\"article\" \/>\n<meta property=\"og:title\" content=\"Issue Zero \u2013 Opuscule - The European Review of Books\" \/>\n<meta property=\"og:description\" content=\"Issue Zero was our digital\u00a0opuscule, in May and June, 2021. It was a start, coincident with our crowdfunding campaign, where we could show what we wanted to publish and reflect on the endeavor itself. What should be in the European Review of Books? What could\u00a0only\u00a0be in the European Review of Books? We wanted to show the gears.\" \/>\n<meta property=\"og:url\" content=\"https:\/\/europeanreviewofbooks.com\/product\/issue-zero-opuscule\/\" \/>\n<meta property=\"og:site_name\" content=\"The European Review of Books\" \/>\n<meta property=\"article:publisher\" content=\"https:\/\/www.facebook.com\/europeanreview\/\" \/>\n<meta property=\"article:modified_time\" content=\"2026-04-20T10:38:38+00:00\" \/>\n<meta property=\"og:image\" content=\"https:\/\/europeanreviewofbooks.com\/wp-content\/uploads\/2026\/04\/issue0.png\" \/>\n\t<meta property=\"og:image:width\" content=\"1200\" \/>\n\t<meta property=\"og:image:height\" content=\"1200\" \/>\n\t<meta property=\"og:image:type\" content=\"image\/png\" \/>\n<meta name=\"twitter:card\" content=\"summary_large_image\" \/>\n<meta name=\"twitter:label1\" content=\"Gesch\u00e4tzte Lesezeit\" \/>\n\t<meta name=\"twitter:data1\" content=\"1\u00a0Minute\" \/>\n<script type=\"application\/ld+json\" class=\"yoast-schema-graph\">{\"@context\":\"https:\\\/\\\/schema.org\",\"@graph\":[{\"@type\":\"WebPage\",\"@id\":\"https:\\\/\\\/europeanreviewofbooks.com\\\/product\\\/issue-zero-opuscule\\\/\",\"url\":\"https:\\\/\\\/europeanreviewofbooks.com\\\/product\\\/issue-zero-opuscule\\\/\",\"name\":\"Issue Zero \u2013 Opuscule - The European Review of Books\",\"isPartOf\":{\"@id\":\"https:\\\/\\\/europeanreviewofbooks.com\\\/#website\"},\"primaryImageOfPage\":{\"@id\":\"https:\\\/\\\/europeanreviewofbooks.com\\\/product\\\/issue-zero-opuscule\\\/#primaryimage\"},\"image\":{\"@id\":\"https:\\\/\\\/europeanreviewofbooks.com\\\/product\\\/issue-zero-opuscule\\\/#primaryimage\"},\"thumbnailUrl\":\"https:\\\/\\\/europeanreviewofbooks.com\\\/wp-content\\\/uploads\\\/2026\\\/04\\\/issue0.png\",\"datePublished\":\"2021-05-19T11:08:55+00:00\",\"dateModified\":\"2026-04-20T10:38:38+00:00\",\"breadcrumb\":{\"@id\":\"https:\\\/\\\/europeanreviewofbooks.com\\\/product\\\/issue-zero-opuscule\\\/#breadcrumb\"},\"inLanguage\":\"de\",\"potentialAction\":[{\"@type\":\"ReadAction\",\"target\":[\"https:\\\/\\\/europeanreviewofbooks.com\\\/product\\\/issue-zero-opuscule\\\/\"]}]},{\"@type\":\"ImageObject\",\"inLanguage\":\"de\",\"@id\":\"https:\\\/\\\/europeanreviewofbooks.com\\\/product\\\/issue-zero-opuscule\\\/#primaryimage\",\"url\":\"https:\\\/\\\/europeanreviewofbooks.com\\\/wp-content\\\/uploads\\\/2026\\\/04\\\/issue0.png\",\"contentUrl\":\"https:\\\/\\\/europeanreviewofbooks.com\\\/wp-content\\\/uploads\\\/2026\\\/04\\\/issue0.png\",\"width\":1200,\"height\":1200},{\"@type\":\"BreadcrumbList\",\"@id\":\"https:\\\/\\\/europeanreviewofbooks.com\\\/product\\\/issue-zero-opuscule\\\/#breadcrumb\",\"itemListElement\":[{\"@type\":\"ListItem\",\"position\":1,\"name\":\"Home\",\"item\":\"https:\\\/\\\/europeanreviewofbooks.com\\\/\"},{\"@type\":\"ListItem\",\"position\":2,\"name\":\"Private: Catalog\",\"item\":\"https:\\\/\\\/europeanreviewofbooks.com\\\/?page_id=33138\"},{\"@type\":\"ListItem\",\"position\":3,\"name\":\"Issue Zero \u2013 Opuscule\"}]},{\"@type\":\"WebSite\",\"@id\":\"https:\\\/\\\/europeanreviewofbooks.com\\\/#website\",\"url\":\"https:\\\/\\\/europeanreviewofbooks.com\\\/\",\"name\":\"The European Review of Books\",\"description\":\"\",\"publisher\":{\"@id\":\"https:\\\/\\\/europeanreviewofbooks.com\\\/#organization\"},\"potentialAction\":[{\"@type\":\"SearchAction\",\"target\":{\"@type\":\"EntryPoint\",\"urlTemplate\":\"https:\\\/\\\/europeanreviewofbooks.com\\\/?s={search_term_string}\"},\"query-input\":{\"@type\":\"PropertyValueSpecification\",\"valueRequired\":true,\"valueName\":\"search_term_string\"}}],\"inLanguage\":\"de\"},{\"@type\":\"Organization\",\"@id\":\"https:\\\/\\\/europeanreviewofbooks.com\\\/#organization\",\"name\":\"The European Review of Books\",\"url\":\"https:\\\/\\\/europeanreviewofbooks.com\\\/\",\"logo\":{\"@type\":\"ImageObject\",\"inLanguage\":\"de\",\"@id\":\"https:\\\/\\\/europeanreviewofbooks.com\\\/#\\\/schema\\\/logo\\\/image\\\/\",\"url\":\"https:\\\/\\\/europeanreviewofbooks.com\\\/wp-content\\\/uploads\\\/2024\\\/04\\\/logo-animated-once1.gif\",\"contentUrl\":\"https:\\\/\\\/europeanreviewofbooks.com\\\/wp-content\\\/uploads\\\/2024\\\/04\\\/logo-animated-once1.gif\",\"width\":640,\"height\":446,\"caption\":\"The European Review of Books\"},\"image\":{\"@id\":\"https:\\\/\\\/europeanreviewofbooks.com\\\/#\\\/schema\\\/logo\\\/image\\\/\"},\"sameAs\":[\"https:\\\/\\\/www.facebook.com\\\/europeanreview\\\/\",\"https:\\\/\\\/www.linkedin.com\\\/company\\\/the-european-review-of-books\\\/\",\"https:\\\/\\\/bsky.app\\\/profile\\\/europeanreview.bsky.social\"]}]}<\/script>\n<!-- \/ Yoast SEO plugin. -->","yoast_head_json":{"title":"Issue Zero \u2013 Opuscule - The European Review of Books","robots":{"index":"index","follow":"follow","max-snippet":"max-snippet:-1","max-image-preview":"max-image-preview:large","max-video-preview":"max-video-preview:-1"},"canonical":"https:\/\/europeanreviewofbooks.com\/product\/issue-zero-opuscule\/","og_locale":"de_DE","og_type":"article","og_title":"Issue Zero \u2013 Opuscule - The European Review of Books","og_description":"Issue Zero was our digital\u00a0opuscule, in May and June, 2021. It was a start, coincident with our crowdfunding campaign, where we could show what we wanted to publish and reflect on the endeavor itself. What should be in the European Review of Books? What could\u00a0only\u00a0be in the European Review of Books? We wanted to show the gears.","og_url":"https:\/\/europeanreviewofbooks.com\/product\/issue-zero-opuscule\/","og_site_name":"The European Review of Books","article_publisher":"https:\/\/www.facebook.com\/europeanreview\/","article_modified_time":"2026-04-20T10:38:38+00:00","og_image":[{"width":1200,"height":1200,"url":"https:\/\/europeanreviewofbooks.com\/wp-content\/uploads\/2026\/04\/issue0.png","type":"image\/png"}],"twitter_card":"summary_large_image","twitter_misc":{"Gesch\u00e4tzte Lesezeit":"1\u00a0Minute"},"schema":{"@context":"https:\/\/schema.org","@graph":[{"@type":"WebPage","@id":"https:\/\/europeanreviewofbooks.com\/product\/issue-zero-opuscule\/","url":"https:\/\/europeanreviewofbooks.com\/product\/issue-zero-opuscule\/","name":"Issue Zero \u2013 Opuscule - The European Review of Books","isPartOf":{"@id":"https:\/\/europeanreviewofbooks.com\/#website"},"primaryImageOfPage":{"@id":"https:\/\/europeanreviewofbooks.com\/product\/issue-zero-opuscule\/#primaryimage"},"image":{"@id":"https:\/\/europeanreviewofbooks.com\/product\/issue-zero-opuscule\/#primaryimage"},"thumbnailUrl":"https:\/\/europeanreviewofbooks.com\/wp-content\/uploads\/2026\/04\/issue0.png","datePublished":"2021-05-19T11:08:55+00:00","dateModified":"2026-04-20T10:38:38+00:00","breadcrumb":{"@id":"https:\/\/europeanreviewofbooks.com\/product\/issue-zero-opuscule\/#breadcrumb"},"inLanguage":"de","potentialAction":[{"@type":"ReadAction","target":["https:\/\/europeanreviewofbooks.com\/product\/issue-zero-opuscule\/"]}]},{"@type":"ImageObject","inLanguage":"de","@id":"https:\/\/europeanreviewofbooks.com\/product\/issue-zero-opuscule\/#primaryimage","url":"https:\/\/europeanreviewofbooks.com\/wp-content\/uploads\/2026\/04\/issue0.png","contentUrl":"https:\/\/europeanreviewofbooks.com\/wp-content\/uploads\/2026\/04\/issue0.png","width":1200,"height":1200},{"@type":"BreadcrumbList","@id":"https:\/\/europeanreviewofbooks.com\/product\/issue-zero-opuscule\/#breadcrumb","itemListElement":[{"@type":"ListItem","position":1,"name":"Home","item":"https:\/\/europeanreviewofbooks.com\/"},{"@type":"ListItem","position":2,"name":"Private: Catalog","item":"https:\/\/europeanreviewofbooks.com\/?page_id=33138"},{"@type":"ListItem","position":3,"name":"Issue Zero \u2013 Opuscule"}]},{"@type":"WebSite","@id":"https:\/\/europeanreviewofbooks.com\/#website","url":"https:\/\/europeanreviewofbooks.com\/","name":"The European Review of Books","description":"","publisher":{"@id":"https:\/\/europeanreviewofbooks.com\/#organization"},"potentialAction":[{"@type":"SearchAction","target":{"@type":"EntryPoint","urlTemplate":"https:\/\/europeanreviewofbooks.com\/?s={search_term_string}"},"query-input":{"@type":"PropertyValueSpecification","valueRequired":true,"valueName":"search_term_string"}}],"inLanguage":"de"},{"@type":"Organization","@id":"https:\/\/europeanreviewofbooks.com\/#organization","name":"The European Review of Books","url":"https:\/\/europeanreviewofbooks.com\/","logo":{"@type":"ImageObject","inLanguage":"de","@id":"https:\/\/europeanreviewofbooks.com\/#\/schema\/logo\/image\/","url":"https:\/\/europeanreviewofbooks.com\/wp-content\/uploads\/2024\/04\/logo-animated-once1.gif","contentUrl":"https:\/\/europeanreviewofbooks.com\/wp-content\/uploads\/2024\/04\/logo-animated-once1.gif","width":640,"height":446,"caption":"The European Review of Books"},"image":{"@id":"https:\/\/europeanreviewofbooks.com\/#\/schema\/logo\/image\/"},"sameAs":["https:\/\/www.facebook.com\/europeanreview\/","https:\/\/www.linkedin.com\/company\/the-european-review-of-books\/","https:\/\/bsky.app\/profile\/europeanreview.bsky.social"]}]}},"jetpack_sharing_enabled":true,"jetpack-related-posts":[{"id":25302,"url":"https:\/\/europeanreviewofbooks.com\/de\/product\/print-digital-50-discount\/","url_meta":{"origin":138,"position":0},"title":"Print + Digital 50% discount","author":"sonja-bonambition4clients-nl","date":"24 April 2025","format":false,"excerpt":"Receive one full year of unlimited access to the complete online Library of The European Review of Books, and three beautifully designed, book-length print issues with a 50% discount, plus a set of vignette-postcards. Subscription starts with Issue Eight.","rel":"","context":"\u00c4hnlicher Beitrag","block_context":{"text":"\u00c4hnlicher Beitrag","link":""},"img":{"alt_text":"","src":"https:\/\/i0.wp.com\/europeanreviewofbooks.com\/wp-content\/uploads\/2024\/04\/WhatsApp-Image-2024-12-04-at-13.23.47-e1752669407588.jpeg?resize=350%2C200&ssl=1","width":350,"height":200,"srcset":"https:\/\/i0.wp.com\/europeanreviewofbooks.com\/wp-content\/uploads\/2024\/04\/WhatsApp-Image-2024-12-04-at-13.23.47-e1752669407588.jpeg?resize=350%2C200&ssl=1 1x, https:\/\/i0.wp.com\/europeanreviewofbooks.com\/wp-content\/uploads\/2024\/04\/WhatsApp-Image-2024-12-04-at-13.23.47-e1752669407588.jpeg?resize=525%2C300&ssl=1 1.5x, https:\/\/i0.wp.com\/europeanreviewofbooks.com\/wp-content\/uploads\/2024\/04\/WhatsApp-Image-2024-12-04-at-13.23.47-e1752669407588.jpeg?resize=700%2C400&ssl=1 2x, https:\/\/i0.wp.com\/europeanreviewofbooks.com\/wp-content\/uploads\/2024\/04\/WhatsApp-Image-2024-12-04-at-13.23.47-e1752669407588.jpeg?resize=1050%2C600&ssl=1 3x"},"classes":[]},{"id":15055,"url":"https:\/\/europeanreviewofbooks.com\/de\/product\/subscription-print-digital-20-discount\/","url_meta":{"origin":138,"position":1},"title":"Subscription: Print + Digital 20% discount","author":"sonja-bonambition4clients-nl","date":"21 August 2024","format":false,"excerpt":"This\u00a0print + digital subscription 20% discount will grant one full year of unlimited access to the complete online library of The European Review of Books, and three beautifully designed, book-length print issues \u2013 starting with the Issue Ten.","rel":"","context":"\u00c4hnlicher Beitrag","block_context":{"text":"\u00c4hnlicher Beitrag","link":""},"img":{"alt_text":"","src":"https:\/\/i0.wp.com\/europeanreviewofbooks.com\/wp-content\/uploads\/2024\/08\/aanbieiding-20-korting.png?resize=350%2C200&ssl=1","width":350,"height":200,"srcset":"https:\/\/i0.wp.com\/europeanreviewofbooks.com\/wp-content\/uploads\/2024\/08\/aanbieiding-20-korting.png?resize=350%2C200&ssl=1 1x, https:\/\/i0.wp.com\/europeanreviewofbooks.com\/wp-content\/uploads\/2024\/08\/aanbieiding-20-korting.png?resize=525%2C300&ssl=1 1.5x, https:\/\/i0.wp.com\/europeanreviewofbooks.com\/wp-content\/uploads\/2024\/08\/aanbieiding-20-korting.png?resize=700%2C400&ssl=1 2x, https:\/\/i0.wp.com\/europeanreviewofbooks.com\/wp-content\/uploads\/2024\/08\/aanbieiding-20-korting.png?resize=1050%2C600&ssl=1 3x, https:\/\/i0.wp.com\/europeanreviewofbooks.com\/wp-content\/uploads\/2024\/08\/aanbieiding-20-korting.png?resize=1400%2C800&ssl=1 4x"},"classes":[]},{"id":334,"url":"https:\/\/europeanreviewofbooks.com\/de\/product\/gift-subscription-print-digital\/","url_meta":{"origin":138,"position":2},"title":"Gift subscription: Print + Digital","author":"sonja-bonambition4clients-nl","date":"10 April 2024","format":false,"excerpt":"Gift somebody a year of the European Review of Books membership, both in print and in digital.","rel":"","context":"\u00c4hnlicher Beitrag","block_context":{"text":"\u00c4hnlicher Beitrag","link":""},"img":{"alt_text":"","src":"https:\/\/i0.wp.com\/europeanreviewofbooks.com\/wp-content\/uploads\/2024\/04\/WhatsApp-Image-2024-12-04-at-13.23.47-e1752669407588.jpeg?resize=350%2C200&ssl=1","width":350,"height":200,"srcset":"https:\/\/i0.wp.com\/europeanreviewofbooks.com\/wp-content\/uploads\/2024\/04\/WhatsApp-Image-2024-12-04-at-13.23.47-e1752669407588.jpeg?resize=350%2C200&ssl=1 1x, https:\/\/i0.wp.com\/europeanreviewofbooks.com\/wp-content\/uploads\/2024\/04\/WhatsApp-Image-2024-12-04-at-13.23.47-e1752669407588.jpeg?resize=525%2C300&ssl=1 1.5x, https:\/\/i0.wp.com\/europeanreviewofbooks.com\/wp-content\/uploads\/2024\/04\/WhatsApp-Image-2024-12-04-at-13.23.47-e1752669407588.jpeg?resize=700%2C400&ssl=1 2x, https:\/\/i0.wp.com\/europeanreviewofbooks.com\/wp-content\/uploads\/2024\/04\/WhatsApp-Image-2024-12-04-at-13.23.47-e1752669407588.jpeg?resize=1050%2C600&ssl=1 3x"},"classes":[]},{"id":27680,"url":"https:\/\/europeanreviewofbooks.com\/de\/product\/printdigital-for-a-year-issue-seven-and-eight-for-free\/","url_meta":{"origin":138,"position":3},"title":"Subscription: Annual print + digital, plus Issues Seven and Six in print on top","author":"sonja-bonambition4clients-nl","date":"30 April 2025","format":false,"excerpt":"Become a print subscriber and receive issues 6 and 7 in print, too. A grand ensemble. This print + digital subscription will grant one full year of unlimited access to the complete online Library of The European Review of Books, and three beautifully designed, book-length print issues \u2013 starting with\u2026","rel":"","context":"\u00c4hnlicher Beitrag","block_context":{"text":"\u00c4hnlicher Beitrag","link":""},"img":{"alt_text":"picture of issue 6,7,8","src":"https:\/\/i0.wp.com\/europeanreviewofbooks.com\/wp-content\/uploads\/2025\/04\/IMG_4448-scaled-e1746048645542.jpg?resize=350%2C200&ssl=1","width":350,"height":200,"srcset":"https:\/\/i0.wp.com\/europeanreviewofbooks.com\/wp-content\/uploads\/2025\/04\/IMG_4448-scaled-e1746048645542.jpg?resize=350%2C200&ssl=1 1x, https:\/\/i0.wp.com\/europeanreviewofbooks.com\/wp-content\/uploads\/2025\/04\/IMG_4448-scaled-e1746048645542.jpg?resize=525%2C300&ssl=1 1.5x"},"classes":[]},{"id":19561,"url":"https:\/\/europeanreviewofbooks.com\/de\/product\/subscription-print-digital-30-discount\/","url_meta":{"origin":138,"position":4},"title":"Print + Digital 30% discount","author":"Lars","date":"29 Oktober 2024","format":false,"excerpt":"This\u00a0print + digital subscription 30% discount will grant one full year of unlimited access to the complete online library of The European Review of Books, and\u00a0three beautifully designed, book-length print issues \u2013 starting with the current issue. \u00a0","rel":"","context":"\u00c4hnlicher Beitrag","block_context":{"text":"\u00c4hnlicher Beitrag","link":""},"img":{"alt_text":"","src":"https:\/\/i0.wp.com\/europeanreviewofbooks.com\/wp-content\/uploads\/2024\/10\/Artboard-130.jpg?resize=350%2C200&ssl=1","width":350,"height":200,"srcset":"https:\/\/i0.wp.com\/europeanreviewofbooks.com\/wp-content\/uploads\/2024\/10\/Artboard-130.jpg?resize=350%2C200&ssl=1 1x, https:\/\/i0.wp.com\/europeanreviewofbooks.com\/wp-content\/uploads\/2024\/10\/Artboard-130.jpg?resize=525%2C300&ssl=1 1.5x, https:\/\/i0.wp.com\/europeanreviewofbooks.com\/wp-content\/uploads\/2024\/10\/Artboard-130.jpg?resize=700%2C400&ssl=1 2x, https:\/\/i0.wp.com\/europeanreviewofbooks.com\/wp-content\/uploads\/2024\/10\/Artboard-130.jpg?resize=1050%2C600&ssl=1 3x"},"classes":[]},{"id":40265,"url":"https:\/\/europeanreviewofbooks.com\/de\/product\/erb-jubilee-pin\/","url_meta":{"origin":138,"position":5},"title":"ERB Jubilee pin","author":"Liene L\u016bs\u012bte","date":"13 April 2026","format":false,"excerpt":"European Review of Books Jubilee pin.","rel":"","context":"\u00c4hnlicher Beitrag","block_context":{"text":"\u00c4hnlicher Beitrag","link":""},"img":{"alt_text":"","src":"https:\/\/i0.wp.com\/europeanreviewofbooks.com\/wp-content\/uploads\/2024\/04\/pin.png?resize=350%2C200&ssl=1","width":350,"height":200,"srcset":"https:\/\/i0.wp.com\/europeanreviewofbooks.com\/wp-content\/uploads\/2024\/04\/pin.png?resize=350%2C200&ssl=1 1x, https:\/\/i0.wp.com\/europeanreviewofbooks.com\/wp-content\/uploads\/2024\/04\/pin.png?resize=525%2C300&ssl=1 1.5x, https:\/\/i0.wp.com\/europeanreviewofbooks.com\/wp-content\/uploads\/2024\/04\/pin.png?resize=700%2C400&ssl=1 2x, https:\/\/i0.wp.com\/europeanreviewofbooks.com\/wp-content\/uploads\/2024\/04\/pin.png?resize=1050%2C600&ssl=1 3x"},"classes":[]}],"mfb_rest_fields":["title","yoast_head","yoast_head_json","jetpack_sharing_enabled","jetpack-related-posts"],"_links":{"self":[{"href":"https:\/\/europeanreviewofbooks.com\/de\/wp-json\/wp\/v2\/product\/138","targetHints":{"allow":["GET"]}}],"collection":[{"href":"https:\/\/europeanreviewofbooks.com\/de\/wp-json\/wp\/v2\/product"}],"about":[{"href":"https:\/\/europeanreviewofbooks.com\/de\/wp-json\/wp\/v2\/types\/product"}],"wp:featuredmedia":[{"embeddable":true,"href":"https:\/\/europeanreviewofbooks.com\/de\/wp-json\/wp\/v2\/media\/41288"}],"wp:attachment":[{"href":"https:\/\/europeanreviewofbooks.com\/de\/wp-json\/wp\/v2\/media?parent=138"}],"wp:term":[{"taxonomy":"product_brand","embeddable":true,"href":"https:\/\/europeanreviewofbooks.com\/de\/wp-json\/wp\/v2\/product_brand?post=138"},{"taxonomy":"product_cat","embeddable":true,"href":"https:\/\/europeanreviewofbooks.com\/de\/wp-json\/wp\/v2\/product_cat?post=138"},{"taxonomy":"product_tag","embeddable":true,"href":"https:\/\/europeanreviewofbooks.com\/de\/wp-json\/wp\/v2\/product_tag?post=138"}],"curies":[{"name":"wp","href":"https:\/\/api.w.org\/{rel}","templated":true}]}}