{"id":10532,"date":"2024-05-24T12:32:10","date_gmt":"2024-05-24T12:32:10","guid":{"rendered":"https:\/\/erb.ambition4clients.nl\/?page_id=10532"},"modified":"2025-08-10T18:27:44","modified_gmt":"2025-08-10T16:27:44","slug":"europe-special-2024-extra-edition","status":"publish","type":"page","link":"https:\/\/europeanreviewofbooks.com\/es\/issues\/europe-special-2024-extra-edition\/","title":{"rendered":"Europe Special 2024 \u2013\u00a0Extra Edition"},"content":{"rendered":"\n<div class=\"wp-block-group is-layout-flow wp-block-group-is-layout-flow\">\n<div class=\"wp-block-columns is-layout-flex wp-container-core-columns-is-layout-28f84493 wp-block-columns-is-layout-flex\">\n<div class=\"wp-block-column has-background is-layout-flow wp-block-column-is-layout-flow\" style=\"background-color:#436eee;flex-basis:50%\">\n<figure class=\"wp-block-image size-large\"><img loading=\"lazy\" decoding=\"async\" width=\"760\" height=\"1024\" src=\"https:\/\/europeanreviewofbooks.com\/wp-content\/uploads\/2024\/05\/jpgscreenshot-2024-04-17-at-12.20.351-760x1024.jpg\" alt=\"\" class=\"wp-image-10533\" srcset=\"https:\/\/europeanreviewofbooks.com\/wp-content\/uploads\/2024\/05\/jpgscreenshot-2024-04-17-at-12.20.351-760x1024.jpg 760w, https:\/\/europeanreviewofbooks.com\/wp-content\/uploads\/2024\/05\/jpgscreenshot-2024-04-17-at-12.20.351-600x809.jpg 600w, https:\/\/europeanreviewofbooks.com\/wp-content\/uploads\/2024\/05\/jpgscreenshot-2024-04-17-at-12.20.351-223x300.jpg 223w, https:\/\/europeanreviewofbooks.com\/wp-content\/uploads\/2024\/05\/jpgscreenshot-2024-04-17-at-12.20.351-768x1035.jpg 768w, https:\/\/europeanreviewofbooks.com\/wp-content\/uploads\/2024\/05\/jpgscreenshot-2024-04-17-at-12.20.351-1140x1536.jpg 1140w, https:\/\/europeanreviewofbooks.com\/wp-content\/uploads\/2024\/05\/jpgscreenshot-2024-04-17-at-12.20.351.jpg 1162w\" sizes=\"auto, (max-width: 760px) 100vw, 760px\" \/><\/figure>\n<\/div>\n\n\n\n<div class=\"wp-block-column is-layout-flow wp-block-column-is-layout-flow\">\n<p>Europe Special 2024 \u2013&nbsp;Extra Edition<\/p>\n\n\n\n<p>JUNE 2024<\/p>\n\n\n\n<p>This extra edition is adorned with the Europe-maps that were created for the ERB by the architect Rem Koolhaas and our designer, Patrick Doan. We\u2019ve included the ERB\u2019s best writing on Europe. With Europas and bulls, the EU going to church, Liythuania: the thirty times loser of the Eurovision Song Contest, the puzzle of who&#8217;ll speak European, Curzio Malaparte and an editor that keeps a \u20ac0-bill in his wallet&#8230;<\/p>\n\n\n\n<div class=\"wp-block-buttons is-layout-flex wp-block-buttons-is-layout-flex\">\n<div class=\"wp-block-button is-style-outline is-style-outline--1\"><a class=\"wp-block-button__link wp-element-button\" href=\"https:\/\/europeanreviewofbooks.com\/product\/europe-special-2024-extra-edition\/\">Buy the print version<\/a><\/div>\n\n\n\n<div class=\"wp-block-button is-style-outline is-style-outline--2\"><a class=\"wp-block-button__link wp-element-button\" href=\"https:\/\/europeanreviewofbooks.com\/subscribe\/\">Subscribe<\/a><\/div>\n<\/div>\n<\/div>\n<\/div>\n\n\n\n<div class=\"wp-block-query is-layout-flow wp-block-query-is-layout-flow\"><ul class=\"columns-3 wp-block-post-template is-layout-grid wp-container-core-post-template-is-layout-6d3fbd8f wp-block-post-template-is-layout-grid\"><li class=\"wp-block-post post-10862 post type-post status-publish format-standard has-post-thumbnail hentry category-europe-special-2024 category-issue-one tag-brussels tag-eu tag-language tag-prison tag-sports tag-war topics-europe library-pearls\">\n\n<div class=\"wp-block-group is-layout-flow wp-block-group-is-layout-flow\" style=\"padding-top:30px;padding-right:30px;padding-bottom:30px;padding-left:30px\">\n<hr class=\"wp-block-separator has-alpha-channel-opacity is-style-wide\"\/>\n\n\n<h2 class=\"wp-block-post-title\"><a href=\"https:\/\/europeanreviewofbooks.com\/es\/who-will-speak-european-a-puzzle\/\" target=\"_self\" >\u00bfQui\u00e9n hablar\u00e1 Europ\u00e9en? Un puzle<\/a><\/h2>\n\n<div class=\"wp-block-post-author-name\">Arman Basurto<\/div>\n\n<div class=\"wp-block-post-excerpt\"><p class=\"wp-block-post-excerpt__excerpt\">La capital de Europa es, en ese sentido, un espejo c\u00f3ncavo que devuelve un reflejo&hellip; <\/p><\/div>\n\n<div class=\"taxonomy-library wp-block-post-terms\"><a href=\"https:\/\/europeanreviewofbooks.com\/library\/pearls\/\" rel=\"tag\">Pearls<\/a><\/div><\/div>\n\n<\/li><\/ul><\/div>\n\n\n\n<p class=\"has-text-align-center has-base-2-color has-contrast-background-color has-text-color has-background has-link-color wp-elements-fe66f89f02860b7ecf75a72c97e729b6\" style=\"padding-top:0;padding-bottom:0\">Reviewed in this issue<\/p>\n\n\n\n<div class=\"wp-block-group is-layout-flow wp-block-group-is-layout-flow\" style=\"padding-top:30px;padding-right:30px;padding-bottom:30px;padding-left:30px\">\n<div class=\"wp-block-columns is-layout-flex wp-container-core-columns-is-layout-28f84493 wp-block-columns-is-layout-flex\">\n<div class=\"wp-block-column is-layout-flow wp-block-column-is-layout-flow\" style=\"flex-basis:50%\">\n<div class=\"wp-block-query is-layout-flow wp-block-query-is-layout-flow\"><\/div>\n<\/div>\n\n\n\n<div class=\"wp-block-column is-layout-flow wp-block-column-is-layout-flow\" style=\"flex-basis:50%\">\n<div class=\"wp-block-query is-layout-flow wp-block-query-is-layout-flow\"><\/div>\n<\/div>\n<\/div>\n<\/div>\n<\/div>\n\n\n\n<p><\/p>\n","protected":false},"excerpt":{"rendered":"<p>Europe Special 2024 \u2013&nbsp;Extra Edition JUNE 2024 This extra edition is adorned with the Europe-maps that were created for the ERB by the architect Rem Koolhaas and our designer, Patrick Doan. We\u2019ve included the ERB\u2019s best writing on Europe. With Europas and bulls, the EU going to church, Liythuania: the thirty times loser of the [&hellip;]<\/p>\n","protected":false},"author":1,"featured_media":10533,"parent":23,"menu_order":0,"comment_status":"closed","ping_status":"closed","template":"page-wide","meta":{"_acf_changed":false,"_ccgs_hide_in_listing":false,"_ccgs_reviewed_by":"","_ccgs_translated_by":"","inline_featured_image":false,"jetpack_post_was_ever_published":false,"footnotes":""},"class_list":["post-10532","page","type-page","status-publish","has-post-thumbnail","hentry"],"acf":[],"mb":[],"yoast_head":"<!-- This site is optimized with the Yoast SEO plugin v27.3 - https:\/\/yoast.com\/product\/yoast-seo-wordpress\/ -->\n<title>Europe Special 2024 \u2013\u00a0Extra Edition - The European Review of Books<\/title>\n<meta name=\"robots\" content=\"index, follow, max-snippet:-1, max-image-preview:large, max-video-preview:-1\" \/>\n<link rel=\"canonical\" href=\"https:\/\/europeanreviewofbooks.com\/issues\/europe-special-2024-extra-edition\/\" \/>\n<meta property=\"og:locale\" content=\"es_ES\" \/>\n<meta property=\"og:type\" content=\"article\" \/>\n<meta property=\"og:title\" content=\"Europe Special 2024 \u2013\u00a0Extra Edition - The European Review of Books\" \/>\n<meta property=\"og:description\" content=\"Europe Special 2024 \u2013&nbsp;Extra Edition JUNE 2024 This extra edition is adorned with the Europe-maps that were created for the ERB by the architect Rem Koolhaas and our designer, Patrick Doan. We\u2019ve included the ERB\u2019s best writing on Europe. With Europas and bulls, the EU going to church, Liythuania: the thirty times loser of the [&hellip;]\" \/>\n<meta property=\"og:url\" content=\"https:\/\/europeanreviewofbooks.com\/issues\/europe-special-2024-extra-edition\/\" \/>\n<meta property=\"og:site_name\" content=\"The European Review of Books\" \/>\n<meta property=\"article:publisher\" content=\"https:\/\/www.facebook.com\/europeanreview\/\" \/>\n<meta property=\"article:modified_time\" content=\"2025-08-10T16:27:44+00:00\" \/>\n<meta property=\"og:image\" content=\"https:\/\/europeanreviewofbooks.com\/wp-content\/uploads\/2024\/05\/jpgscreenshot-2024-04-17-at-12.20.351.jpg\" \/>\n\t<meta property=\"og:image:width\" content=\"1162\" \/>\n\t<meta property=\"og:image:height\" content=\"1566\" \/>\n\t<meta property=\"og:image:type\" content=\"image\/jpeg\" \/>\n<meta name=\"twitter:card\" content=\"summary_large_image\" \/>\n<script type=\"application\/ld+json\" class=\"yoast-schema-graph\">{\"@context\":\"https:\\\/\\\/schema.org\",\"@graph\":[{\"@type\":\"WebPage\",\"@id\":\"https:\\\/\\\/europeanreviewofbooks.com\\\/issues\\\/europe-special-2024-extra-edition\\\/\",\"url\":\"https:\\\/\\\/europeanreviewofbooks.com\\\/issues\\\/europe-special-2024-extra-edition\\\/\",\"name\":\"Europe Special 2024 \u2013\u00a0Extra Edition - The European Review of Books\",\"isPartOf\":{\"@id\":\"https:\\\/\\\/europeanreviewofbooks.com\\\/#website\"},\"primaryImageOfPage\":{\"@id\":\"https:\\\/\\\/europeanreviewofbooks.com\\\/issues\\\/europe-special-2024-extra-edition\\\/#primaryimage\"},\"image\":{\"@id\":\"https:\\\/\\\/europeanreviewofbooks.com\\\/issues\\\/europe-special-2024-extra-edition\\\/#primaryimage\"},\"thumbnailUrl\":\"https:\\\/\\\/europeanreviewofbooks.com\\\/wp-content\\\/uploads\\\/2024\\\/05\\\/jpgscreenshot-2024-04-17-at-12.20.351.jpg\",\"datePublished\":\"2024-05-24T12:32:10+00:00\",\"dateModified\":\"2025-08-10T16:27:44+00:00\",\"breadcrumb\":{\"@id\":\"https:\\\/\\\/europeanreviewofbooks.com\\\/issues\\\/europe-special-2024-extra-edition\\\/#breadcrumb\"},\"inLanguage\":\"es\",\"potentialAction\":[{\"@type\":\"ReadAction\",\"target\":[\"https:\\\/\\\/europeanreviewofbooks.com\\\/issues\\\/europe-special-2024-extra-edition\\\/\"]}]},{\"@type\":\"ImageObject\",\"inLanguage\":\"es\",\"@id\":\"https:\\\/\\\/europeanreviewofbooks.com\\\/issues\\\/europe-special-2024-extra-edition\\\/#primaryimage\",\"url\":\"https:\\\/\\\/europeanreviewofbooks.com\\\/wp-content\\\/uploads\\\/2024\\\/05\\\/jpgscreenshot-2024-04-17-at-12.20.351.jpg\",\"contentUrl\":\"https:\\\/\\\/europeanreviewofbooks.com\\\/wp-content\\\/uploads\\\/2024\\\/05\\\/jpgscreenshot-2024-04-17-at-12.20.351.jpg\",\"width\":1162,\"height\":1566,\"caption\":\"Screenshot\"},{\"@type\":\"BreadcrumbList\",\"@id\":\"https:\\\/\\\/europeanreviewofbooks.com\\\/issues\\\/europe-special-2024-extra-edition\\\/#breadcrumb\",\"itemListElement\":[{\"@type\":\"ListItem\",\"position\":1,\"name\":\"Home\",\"item\":\"https:\\\/\\\/europeanreviewofbooks.com\\\/\"},{\"@type\":\"ListItem\",\"position\":2,\"name\":\"Issues\",\"item\":\"https:\\\/\\\/europeanreviewofbooks.com\\\/issues\\\/\"},{\"@type\":\"ListItem\",\"position\":3,\"name\":\"Europe Special 2024 \u2013\u00a0Extra Edition\"}]},{\"@type\":\"WebSite\",\"@id\":\"https:\\\/\\\/europeanreviewofbooks.com\\\/#website\",\"url\":\"https:\\\/\\\/europeanreviewofbooks.com\\\/\",\"name\":\"The European Review of Books\",\"description\":\"\",\"publisher\":{\"@id\":\"https:\\\/\\\/europeanreviewofbooks.com\\\/#organization\"},\"potentialAction\":[{\"@type\":\"SearchAction\",\"target\":{\"@type\":\"EntryPoint\",\"urlTemplate\":\"https:\\\/\\\/europeanreviewofbooks.com\\\/?s={search_term_string}\"},\"query-input\":{\"@type\":\"PropertyValueSpecification\",\"valueRequired\":true,\"valueName\":\"search_term_string\"}}],\"inLanguage\":\"es\"},{\"@type\":\"Organization\",\"@id\":\"https:\\\/\\\/europeanreviewofbooks.com\\\/#organization\",\"name\":\"The European Review of Books\",\"url\":\"https:\\\/\\\/europeanreviewofbooks.com\\\/\",\"logo\":{\"@type\":\"ImageObject\",\"inLanguage\":\"es\",\"@id\":\"https:\\\/\\\/europeanreviewofbooks.com\\\/#\\\/schema\\\/logo\\\/image\\\/\",\"url\":\"https:\\\/\\\/europeanreviewofbooks.com\\\/wp-content\\\/uploads\\\/2024\\\/04\\\/logo-animated-once1.gif\",\"contentUrl\":\"https:\\\/\\\/europeanreviewofbooks.com\\\/wp-content\\\/uploads\\\/2024\\\/04\\\/logo-animated-once1.gif\",\"width\":640,\"height\":446,\"caption\":\"The European Review of Books\"},\"image\":{\"@id\":\"https:\\\/\\\/europeanreviewofbooks.com\\\/#\\\/schema\\\/logo\\\/image\\\/\"},\"sameAs\":[\"https:\\\/\\\/www.facebook.com\\\/europeanreview\\\/\",\"https:\\\/\\\/www.linkedin.com\\\/company\\\/the-european-review-of-books\\\/\",\"https:\\\/\\\/bsky.app\\\/profile\\\/europeanreview.bsky.social\"]}]}<\/script>\n<!-- \/ Yoast SEO plugin. -->","yoast_head_json":{"title":"Europe Special 2024 \u2013\u00a0Extra Edition - The European Review of Books","robots":{"index":"index","follow":"follow","max-snippet":"max-snippet:-1","max-image-preview":"max-image-preview:large","max-video-preview":"max-video-preview:-1"},"canonical":"https:\/\/europeanreviewofbooks.com\/issues\/europe-special-2024-extra-edition\/","og_locale":"es_ES","og_type":"article","og_title":"Europe Special 2024 \u2013\u00a0Extra Edition - The European Review of Books","og_description":"Europe Special 2024 \u2013&nbsp;Extra Edition JUNE 2024 This extra edition is adorned with the Europe-maps that were created for the ERB by the architect Rem Koolhaas and our designer, Patrick Doan. We\u2019ve included the ERB\u2019s best writing on Europe. With Europas and bulls, the EU going to church, Liythuania: the thirty times loser of the [&hellip;]","og_url":"https:\/\/europeanreviewofbooks.com\/issues\/europe-special-2024-extra-edition\/","og_site_name":"The European Review of Books","article_publisher":"https:\/\/www.facebook.com\/europeanreview\/","article_modified_time":"2025-08-10T16:27:44+00:00","og_image":[{"width":1162,"height":1566,"url":"https:\/\/europeanreviewofbooks.com\/wp-content\/uploads\/2024\/05\/jpgscreenshot-2024-04-17-at-12.20.351.jpg","type":"image\/jpeg"}],"twitter_card":"summary_large_image","schema":{"@context":"https:\/\/schema.org","@graph":[{"@type":"WebPage","@id":"https:\/\/europeanreviewofbooks.com\/issues\/europe-special-2024-extra-edition\/","url":"https:\/\/europeanreviewofbooks.com\/issues\/europe-special-2024-extra-edition\/","name":"Europe Special 2024 \u2013\u00a0Extra Edition - The European Review of Books","isPartOf":{"@id":"https:\/\/europeanreviewofbooks.com\/#website"},"primaryImageOfPage":{"@id":"https:\/\/europeanreviewofbooks.com\/issues\/europe-special-2024-extra-edition\/#primaryimage"},"image":{"@id":"https:\/\/europeanreviewofbooks.com\/issues\/europe-special-2024-extra-edition\/#primaryimage"},"thumbnailUrl":"https:\/\/europeanreviewofbooks.com\/wp-content\/uploads\/2024\/05\/jpgscreenshot-2024-04-17-at-12.20.351.jpg","datePublished":"2024-05-24T12:32:10+00:00","dateModified":"2025-08-10T16:27:44+00:00","breadcrumb":{"@id":"https:\/\/europeanreviewofbooks.com\/issues\/europe-special-2024-extra-edition\/#breadcrumb"},"inLanguage":"es","potentialAction":[{"@type":"ReadAction","target":["https:\/\/europeanreviewofbooks.com\/issues\/europe-special-2024-extra-edition\/"]}]},{"@type":"ImageObject","inLanguage":"es","@id":"https:\/\/europeanreviewofbooks.com\/issues\/europe-special-2024-extra-edition\/#primaryimage","url":"https:\/\/europeanreviewofbooks.com\/wp-content\/uploads\/2024\/05\/jpgscreenshot-2024-04-17-at-12.20.351.jpg","contentUrl":"https:\/\/europeanreviewofbooks.com\/wp-content\/uploads\/2024\/05\/jpgscreenshot-2024-04-17-at-12.20.351.jpg","width":1162,"height":1566,"caption":"Screenshot"},{"@type":"BreadcrumbList","@id":"https:\/\/europeanreviewofbooks.com\/issues\/europe-special-2024-extra-edition\/#breadcrumb","itemListElement":[{"@type":"ListItem","position":1,"name":"Home","item":"https:\/\/europeanreviewofbooks.com\/"},{"@type":"ListItem","position":2,"name":"Issues","item":"https:\/\/europeanreviewofbooks.com\/issues\/"},{"@type":"ListItem","position":3,"name":"Europe Special 2024 \u2013\u00a0Extra Edition"}]},{"@type":"WebSite","@id":"https:\/\/europeanreviewofbooks.com\/#website","url":"https:\/\/europeanreviewofbooks.com\/","name":"The European Review of Books","description":"","publisher":{"@id":"https:\/\/europeanreviewofbooks.com\/#organization"},"potentialAction":[{"@type":"SearchAction","target":{"@type":"EntryPoint","urlTemplate":"https:\/\/europeanreviewofbooks.com\/?s={search_term_string}"},"query-input":{"@type":"PropertyValueSpecification","valueRequired":true,"valueName":"search_term_string"}}],"inLanguage":"es"},{"@type":"Organization","@id":"https:\/\/europeanreviewofbooks.com\/#organization","name":"The European Review of Books","url":"https:\/\/europeanreviewofbooks.com\/","logo":{"@type":"ImageObject","inLanguage":"es","@id":"https:\/\/europeanreviewofbooks.com\/#\/schema\/logo\/image\/","url":"https:\/\/europeanreviewofbooks.com\/wp-content\/uploads\/2024\/04\/logo-animated-once1.gif","contentUrl":"https:\/\/europeanreviewofbooks.com\/wp-content\/uploads\/2024\/04\/logo-animated-once1.gif","width":640,"height":446,"caption":"The European Review of Books"},"image":{"@id":"https:\/\/europeanreviewofbooks.com\/#\/schema\/logo\/image\/"},"sameAs":["https:\/\/www.facebook.com\/europeanreview\/","https:\/\/www.linkedin.com\/company\/the-european-review-of-books\/","https:\/\/bsky.app\/profile\/europeanreview.bsky.social"]}]}},"jetpack_sharing_enabled":true,"mfb_rest_fields":["title","yoast_head","yoast_head_json","jetpack_sharing_enabled"],"_links":{"self":[{"href":"https:\/\/europeanreviewofbooks.com\/es\/wp-json\/wp\/v2\/pages\/10532","targetHints":{"allow":["GET"]}}],"collection":[{"href":"https:\/\/europeanreviewofbooks.com\/es\/wp-json\/wp\/v2\/pages"}],"about":[{"href":"https:\/\/europeanreviewofbooks.com\/es\/wp-json\/wp\/v2\/types\/page"}],"author":[{"embeddable":true,"href":"https:\/\/europeanreviewofbooks.com\/es\/wp-json\/wp\/v2\/users\/1"}],"replies":[{"embeddable":true,"href":"https:\/\/europeanreviewofbooks.com\/es\/wp-json\/wp\/v2\/comments?post=10532"}],"version-history":[{"count":1,"href":"https:\/\/europeanreviewofbooks.com\/es\/wp-json\/wp\/v2\/pages\/10532\/revisions"}],"predecessor-version":[{"id":29764,"href":"https:\/\/europeanreviewofbooks.com\/es\/wp-json\/wp\/v2\/pages\/10532\/revisions\/29764"}],"up":[{"embeddable":true,"href":"https:\/\/europeanreviewofbooks.com\/es\/wp-json\/wp\/v2\/pages\/23"}],"wp:featuredmedia":[{"embeddable":true,"href":"https:\/\/europeanreviewofbooks.com\/es\/wp-json\/wp\/v2\/media\/10533"}],"wp:attachment":[{"href":"https:\/\/europeanreviewofbooks.com\/es\/wp-json\/wp\/v2\/media?parent=10532"}],"curies":[{"name":"wp","href":"https:\/\/api.w.org\/{rel}","templated":true}]}}