{"id":10959,"date":"2024-06-14T08:53:42","date_gmt":"2024-06-14T08:53:42","guid":{"rendered":"https:\/\/erb.ambition4clients.nl\/?page_id=10959"},"modified":"2024-08-29T15:51:16","modified_gmt":"2024-08-29T15:51:16","slug":"library-pearls","status":"publish","type":"page","link":"https:\/\/europeanreviewofbooks.com\/es\/library-pearls\/","title":{"rendered":"Pearls"},"content":{"rendered":"\n<div class=\"wp-block-group alignwide is-layout-flow wp-block-group-is-layout-flow\">\n<div class=\"wp-block-query is-layout-flow wp-block-query-is-layout-flow\"><ul class=\"columns-2 wp-block-post-template is-layout-grid wp-container-core-post-template-is-layout-02493678 wp-block-post-template-is-layout-grid\"><li class=\"wp-block-post post-10862 post type-post status-publish format-standard has-post-thumbnail hentry category-europe-special-2024 category-issue-one tag-brussels tag-eu tag-language tag-prison tag-sports tag-war topics-europe library-pearls\">\n\n<div class=\"wp-block-group is-layout-flow wp-block-group-is-layout-flow\" style=\"padding-top:4vh;padding-right:4vw;padding-bottom:4vh;padding-left:4vw\">\n<hr class=\"wp-block-separator has-alpha-channel-opacity is-style-wide\"\/>\n\n\n<h2 style=\"font-size:clamp(0.984rem, 0.984rem + ((1vw - 0.2rem) * 0.86), 1.5rem);font-style:normal;font-weight:700;line-height:1.2; padding-right:0;padding-left:0;\" class=\"wp-block-post-title\"><a href=\"https:\/\/europeanreviewofbooks.com\/es\/who-will-speak-european-a-puzzle\/\" target=\"_self\" >\u00bfQui\u00e9n hablar\u00e1 Europ\u00e9en? Un puzle<\/a><\/h2>\n\n<div style=\"font-size:clamp(0.984rem, 0.984rem + ((1vw - 0.2rem) * 0.86), 1.5rem);font-style:italic;font-weight:400;line-height:1; padding-top:0;padding-bottom:0;margin-bottom:10px;margin-top:8px;\" class=\"wp-block-post-author-name has-bradford-ll-font-family\">Arman Basurto<\/div>\n\n<div style=\"line-height:1.3; margin-top:0;margin-bottom:0;\" class=\"has-link-color wp-elements-d6aed5a68ca7fa3f74555959790a730c wp-block-post-excerpt has-text-color has-contrast-2-color has-medium-font-size has-lektorat-text-font-family\"><p class=\"wp-block-post-excerpt__excerpt\">La capital de Europa es, en ese sentido, un espejo c\u00f3ncavo que devuelve un reflejo concentrado (y algo deforme) de la imagen que proyecta el continente.<\/p><p class=\"wp-block-post-excerpt__more-text\"><a class=\"wp-block-post-excerpt__more-link\" href=\"https:\/\/europeanreviewofbooks.com\/es\/who-will-speak-european-a-puzzle\/\">Read more<\/a><\/p><\/div><\/div>\n\n<\/li><\/ul><\/div>\n\n\n\n<div class=\"wp-block-query is-layout-flow wp-block-query-is-layout-flow\"><\/div>\n<\/div>\n","protected":false},"excerpt":{"rendered":"","protected":false},"author":1,"featured_media":0,"parent":0,"menu_order":0,"comment_status":"closed","ping_status":"closed","template":"page-wide","meta":{"_acf_changed":false,"_ccgs_hide_in_listing":false,"_ccgs_reviewed_by":"","_ccgs_translated_by":"","inline_featured_image":false,"jetpack_post_was_ever_published":false,"footnotes":""},"class_list":["post-10959","page","type-page","status-publish","hentry"],"acf":[],"mb":[],"yoast_head":"<!-- This site is optimized with the Yoast SEO plugin v27.3 - https:\/\/yoast.com\/product\/yoast-seo-wordpress\/ -->\n<title>Pearls - The European Review of Books<\/title>\n<meta name=\"robots\" content=\"index, follow, max-snippet:-1, max-image-preview:large, max-video-preview:-1\" \/>\n<link rel=\"canonical\" href=\"https:\/\/europeanreviewofbooks.com\/library-pearls\/\" \/>\n<meta property=\"og:locale\" content=\"es_ES\" \/>\n<meta property=\"og:type\" content=\"article\" \/>\n<meta property=\"og:title\" content=\"Pearls - The European Review of Books\" \/>\n<meta property=\"og:url\" content=\"https:\/\/europeanreviewofbooks.com\/library-pearls\/\" \/>\n<meta property=\"og:site_name\" content=\"The European Review of Books\" \/>\n<meta property=\"article:publisher\" content=\"https:\/\/www.facebook.com\/europeanreview\/\" \/>\n<meta property=\"article:modified_time\" content=\"2024-08-29T15:51:16+00:00\" \/>\n<meta name=\"twitter:card\" content=\"summary_large_image\" \/>\n<script type=\"application\/ld+json\" class=\"yoast-schema-graph\">{\"@context\":\"https:\\\/\\\/schema.org\",\"@graph\":[{\"@type\":\"WebPage\",\"@id\":\"https:\\\/\\\/europeanreviewofbooks.com\\\/library-pearls\\\/\",\"url\":\"https:\\\/\\\/europeanreviewofbooks.com\\\/library-pearls\\\/\",\"name\":\"Pearls - The European Review of Books\",\"isPartOf\":{\"@id\":\"https:\\\/\\\/europeanreviewofbooks.com\\\/#website\"},\"datePublished\":\"2024-06-14T08:53:42+00:00\",\"dateModified\":\"2024-08-29T15:51:16+00:00\",\"breadcrumb\":{\"@id\":\"https:\\\/\\\/europeanreviewofbooks.com\\\/library-pearls\\\/#breadcrumb\"},\"inLanguage\":\"es\",\"potentialAction\":[{\"@type\":\"ReadAction\",\"target\":[\"https:\\\/\\\/europeanreviewofbooks.com\\\/library-pearls\\\/\"]}]},{\"@type\":\"BreadcrumbList\",\"@id\":\"https:\\\/\\\/europeanreviewofbooks.com\\\/library-pearls\\\/#breadcrumb\",\"itemListElement\":[{\"@type\":\"ListItem\",\"position\":1,\"name\":\"Home\",\"item\":\"https:\\\/\\\/europeanreviewofbooks.com\\\/\"},{\"@type\":\"ListItem\",\"position\":2,\"name\":\"Pearls\"}]},{\"@type\":\"WebSite\",\"@id\":\"https:\\\/\\\/europeanreviewofbooks.com\\\/#website\",\"url\":\"https:\\\/\\\/europeanreviewofbooks.com\\\/\",\"name\":\"The European Review of Books\",\"description\":\"\",\"publisher\":{\"@id\":\"https:\\\/\\\/europeanreviewofbooks.com\\\/#organization\"},\"potentialAction\":[{\"@type\":\"SearchAction\",\"target\":{\"@type\":\"EntryPoint\",\"urlTemplate\":\"https:\\\/\\\/europeanreviewofbooks.com\\\/?s={search_term_string}\"},\"query-input\":{\"@type\":\"PropertyValueSpecification\",\"valueRequired\":true,\"valueName\":\"search_term_string\"}}],\"inLanguage\":\"es\"},{\"@type\":\"Organization\",\"@id\":\"https:\\\/\\\/europeanreviewofbooks.com\\\/#organization\",\"name\":\"The European Review of Books\",\"url\":\"https:\\\/\\\/europeanreviewofbooks.com\\\/\",\"logo\":{\"@type\":\"ImageObject\",\"inLanguage\":\"es\",\"@id\":\"https:\\\/\\\/europeanreviewofbooks.com\\\/#\\\/schema\\\/logo\\\/image\\\/\",\"url\":\"https:\\\/\\\/europeanreviewofbooks.com\\\/wp-content\\\/uploads\\\/2024\\\/04\\\/logo-animated-once1.gif\",\"contentUrl\":\"https:\\\/\\\/europeanreviewofbooks.com\\\/wp-content\\\/uploads\\\/2024\\\/04\\\/logo-animated-once1.gif\",\"width\":640,\"height\":446,\"caption\":\"The European Review of Books\"},\"image\":{\"@id\":\"https:\\\/\\\/europeanreviewofbooks.com\\\/#\\\/schema\\\/logo\\\/image\\\/\"},\"sameAs\":[\"https:\\\/\\\/www.facebook.com\\\/europeanreview\\\/\",\"https:\\\/\\\/www.linkedin.com\\\/company\\\/the-european-review-of-books\\\/\",\"https:\\\/\\\/bsky.app\\\/profile\\\/europeanreview.bsky.social\"]}]}<\/script>\n<!-- \/ Yoast SEO plugin. -->","yoast_head_json":{"title":"Pearls - The European Review of Books","robots":{"index":"index","follow":"follow","max-snippet":"max-snippet:-1","max-image-preview":"max-image-preview:large","max-video-preview":"max-video-preview:-1"},"canonical":"https:\/\/europeanreviewofbooks.com\/library-pearls\/","og_locale":"es_ES","og_type":"article","og_title":"Pearls - The European Review of Books","og_url":"https:\/\/europeanreviewofbooks.com\/library-pearls\/","og_site_name":"The European Review of Books","article_publisher":"https:\/\/www.facebook.com\/europeanreview\/","article_modified_time":"2024-08-29T15:51:16+00:00","twitter_card":"summary_large_image","schema":{"@context":"https:\/\/schema.org","@graph":[{"@type":"WebPage","@id":"https:\/\/europeanreviewofbooks.com\/library-pearls\/","url":"https:\/\/europeanreviewofbooks.com\/library-pearls\/","name":"Pearls - The European Review of Books","isPartOf":{"@id":"https:\/\/europeanreviewofbooks.com\/#website"},"datePublished":"2024-06-14T08:53:42+00:00","dateModified":"2024-08-29T15:51:16+00:00","breadcrumb":{"@id":"https:\/\/europeanreviewofbooks.com\/library-pearls\/#breadcrumb"},"inLanguage":"es","potentialAction":[{"@type":"ReadAction","target":["https:\/\/europeanreviewofbooks.com\/library-pearls\/"]}]},{"@type":"BreadcrumbList","@id":"https:\/\/europeanreviewofbooks.com\/library-pearls\/#breadcrumb","itemListElement":[{"@type":"ListItem","position":1,"name":"Home","item":"https:\/\/europeanreviewofbooks.com\/"},{"@type":"ListItem","position":2,"name":"Pearls"}]},{"@type":"WebSite","@id":"https:\/\/europeanreviewofbooks.com\/#website","url":"https:\/\/europeanreviewofbooks.com\/","name":"The European Review of Books","description":"","publisher":{"@id":"https:\/\/europeanreviewofbooks.com\/#organization"},"potentialAction":[{"@type":"SearchAction","target":{"@type":"EntryPoint","urlTemplate":"https:\/\/europeanreviewofbooks.com\/?s={search_term_string}"},"query-input":{"@type":"PropertyValueSpecification","valueRequired":true,"valueName":"search_term_string"}}],"inLanguage":"es"},{"@type":"Organization","@id":"https:\/\/europeanreviewofbooks.com\/#organization","name":"The European Review of Books","url":"https:\/\/europeanreviewofbooks.com\/","logo":{"@type":"ImageObject","inLanguage":"es","@id":"https:\/\/europeanreviewofbooks.com\/#\/schema\/logo\/image\/","url":"https:\/\/europeanreviewofbooks.com\/wp-content\/uploads\/2024\/04\/logo-animated-once1.gif","contentUrl":"https:\/\/europeanreviewofbooks.com\/wp-content\/uploads\/2024\/04\/logo-animated-once1.gif","width":640,"height":446,"caption":"The European Review of Books"},"image":{"@id":"https:\/\/europeanreviewofbooks.com\/#\/schema\/logo\/image\/"},"sameAs":["https:\/\/www.facebook.com\/europeanreview\/","https:\/\/www.linkedin.com\/company\/the-european-review-of-books\/","https:\/\/bsky.app\/profile\/europeanreview.bsky.social"]}]}},"jetpack_sharing_enabled":true,"mfb_rest_fields":["title","yoast_head","yoast_head_json","jetpack_sharing_enabled"],"_links":{"self":[{"href":"https:\/\/europeanreviewofbooks.com\/es\/wp-json\/wp\/v2\/pages\/10959","targetHints":{"allow":["GET"]}}],"collection":[{"href":"https:\/\/europeanreviewofbooks.com\/es\/wp-json\/wp\/v2\/pages"}],"about":[{"href":"https:\/\/europeanreviewofbooks.com\/es\/wp-json\/wp\/v2\/types\/page"}],"author":[{"embeddable":true,"href":"https:\/\/europeanreviewofbooks.com\/es\/wp-json\/wp\/v2\/users\/1"}],"replies":[{"embeddable":true,"href":"https:\/\/europeanreviewofbooks.com\/es\/wp-json\/wp\/v2\/comments?post=10959"}],"version-history":[{"count":0,"href":"https:\/\/europeanreviewofbooks.com\/es\/wp-json\/wp\/v2\/pages\/10959\/revisions"}],"wp:attachment":[{"href":"https:\/\/europeanreviewofbooks.com\/es\/wp-json\/wp\/v2\/media?parent=10959"}],"curies":[{"name":"wp","href":"https:\/\/api.w.org\/{rel}","templated":true}]}}