{"id":16822,"date":"2024-08-29T14:12:37","date_gmt":"2024-08-29T14:12:37","guid":{"rendered":"https:\/\/erb.ambition4clients.nl\/?page_id=16822"},"modified":"2024-08-29T15:47:07","modified_gmt":"2024-08-29T15:47:07","slug":"essays","status":"publish","type":"page","link":"https:\/\/europeanreviewofbooks.com\/lt\/essays\/","title":{"rendered":"Essays"},"content":{"rendered":"\n<div class=\"wp-block-group alignwide is-layout-flow wp-block-group-is-layout-flow\">\n<div class=\"wp-block-query is-layout-flow wp-block-query-is-layout-flow\"><ul class=\"columns-2 wp-block-post-template is-layout-grid wp-container-core-post-template-is-layout-02493678 wp-block-post-template-is-layout-grid\"><li class=\"wp-block-post post-10986 post type-post status-publish format-standard has-post-thumbnail hentry category-europe-special-2024 category-issue-five tag-eu tag-music tag-noise tag-to-x-is-to-y tag-utopia tag-war topics-europe library-essays-uk erb-paywalled\">\n\n<div class=\"wp-block-group is-layout-flow wp-block-group-is-layout-flow\" style=\"padding-top:4vh;padding-right:4vw;padding-bottom:4vh;padding-left:4vw\">\n<hr class=\"wp-block-separator has-alpha-channel-opacity is-style-wide\"\/>\n\n\n<h2 style=\"font-size:clamp(0.984rem, 0.984rem + ((1vw - 0.2rem) * 0.86), 1.5rem);font-style:normal;font-weight:700;line-height:1.2; padding-right:0;padding-left:0;\" class=\"wp-block-post-title\"><a href=\"https:\/\/europeanreviewofbooks.com\/lt\/we-are-the-winners-of-eurovision\/\" target=\"_self\" >\u00ab\u00a0Mes esame Eurovizijos nugal\u0117tojai\u00a0\u00bb<\/a><span class=\"erb-tooltip\">This article is available for Members only. Check out our subscription plans to become a member.<\/span><\/h2>\n\n<div style=\"font-size:clamp(0.984rem, 0.984rem + ((1vw - 0.2rem) * 0.86), 1.5rem);font-style:italic;font-weight:400;line-height:1; padding-top:0;padding-bottom:0;margin-bottom:10px;margin-top:8px;\" class=\"wp-block-post-author-name has-bradford-ll-font-family\">Justina Buskait\u0117<\/div>\n\n<div style=\"line-height:1.3; margin-top:0;margin-bottom:0;\" class=\"has-link-color wp-elements-d6aed5a68ca7fa3f74555959790a730c wp-block-post-excerpt has-text-color has-contrast-2-color has-medium-font-size has-lektorat-text-font-family\"><p class=\"wp-block-post-excerpt__excerpt\">Lietuva pralaim\u0117jo Eurovizij\u0105 trisde\u0161imt kart\u0173.<\/p><p class=\"wp-block-post-excerpt__more-text\"><a class=\"wp-block-post-excerpt__more-link\" href=\"https:\/\/europeanreviewofbooks.com\/lt\/we-are-the-winners-of-eurovision\/\">Read more<\/a><\/p><\/div><\/div>\n\n<\/li><\/ul><\/div>\n\n\n\n<div class=\"wp-block-query is-layout-flow wp-block-query-is-layout-flow\"><\/div>\n<\/div>\n","protected":false},"excerpt":{"rendered":"","protected":false},"author":1,"featured_media":0,"parent":0,"menu_order":0,"comment_status":"closed","ping_status":"closed","template":"page-wide","meta":{"_acf_changed":false,"_ccgs_hide_in_listing":false,"_ccgs_reviewed_by":"","_ccgs_translated_by":"","inline_featured_image":false,"jetpack_post_was_ever_published":false,"footnotes":""},"class_list":["post-16822","page","type-page","status-publish","hentry"],"acf":[],"mb":[],"yoast_head":"<!-- This site is optimized with the Yoast SEO plugin v27.4 - https:\/\/yoast.com\/product\/yoast-seo-wordpress\/ -->\n<title>Essays - The European Review of Books<\/title>\n<meta name=\"robots\" content=\"index, follow, max-snippet:-1, max-image-preview:large, max-video-preview:-1\" \/>\n<link rel=\"canonical\" href=\"https:\/\/europeanreviewofbooks.com\/essays\/\" \/>\n<meta property=\"og:locale\" content=\"lt_LT\" \/>\n<meta property=\"og:type\" content=\"article\" \/>\n<meta property=\"og:title\" content=\"Essays - The European Review of Books\" \/>\n<meta property=\"og:url\" content=\"https:\/\/europeanreviewofbooks.com\/essays\/\" \/>\n<meta property=\"og:site_name\" content=\"The European Review of Books\" \/>\n<meta property=\"article:publisher\" content=\"https:\/\/www.facebook.com\/europeanreview\/\" \/>\n<meta property=\"article:modified_time\" content=\"2024-08-29T15:47:07+00:00\" \/>\n<meta name=\"twitter:card\" content=\"summary_large_image\" \/>\n<script type=\"application\/ld+json\" class=\"yoast-schema-graph\">{\"@context\":\"https:\\\/\\\/schema.org\",\"@graph\":[{\"@type\":\"WebPage\",\"@id\":\"https:\\\/\\\/europeanreviewofbooks.com\\\/essays\\\/\",\"url\":\"https:\\\/\\\/europeanreviewofbooks.com\\\/essays\\\/\",\"name\":\"Essays - The European Review of Books\",\"isPartOf\":{\"@id\":\"https:\\\/\\\/europeanreviewofbooks.com\\\/#website\"},\"datePublished\":\"2024-08-29T14:12:37+00:00\",\"dateModified\":\"2024-08-29T15:47:07+00:00\",\"breadcrumb\":{\"@id\":\"https:\\\/\\\/europeanreviewofbooks.com\\\/essays\\\/#breadcrumb\"},\"inLanguage\":\"lt-LT\",\"potentialAction\":[{\"@type\":\"ReadAction\",\"target\":[\"https:\\\/\\\/europeanreviewofbooks.com\\\/essays\\\/\"]}]},{\"@type\":\"BreadcrumbList\",\"@id\":\"https:\\\/\\\/europeanreviewofbooks.com\\\/essays\\\/#breadcrumb\",\"itemListElement\":[{\"@type\":\"ListItem\",\"position\":1,\"name\":\"Home\",\"item\":\"https:\\\/\\\/europeanreviewofbooks.com\\\/\"},{\"@type\":\"ListItem\",\"position\":2,\"name\":\"Essays\"}]},{\"@type\":\"WebSite\",\"@id\":\"https:\\\/\\\/europeanreviewofbooks.com\\\/#website\",\"url\":\"https:\\\/\\\/europeanreviewofbooks.com\\\/\",\"name\":\"The European Review of Books\",\"description\":\"\",\"publisher\":{\"@id\":\"https:\\\/\\\/europeanreviewofbooks.com\\\/#organization\"},\"potentialAction\":[{\"@type\":\"SearchAction\",\"target\":{\"@type\":\"EntryPoint\",\"urlTemplate\":\"https:\\\/\\\/europeanreviewofbooks.com\\\/?s={search_term_string}\"},\"query-input\":{\"@type\":\"PropertyValueSpecification\",\"valueRequired\":true,\"valueName\":\"search_term_string\"}}],\"inLanguage\":\"lt-LT\"},{\"@type\":\"Organization\",\"@id\":\"https:\\\/\\\/europeanreviewofbooks.com\\\/#organization\",\"name\":\"The European Review of Books\",\"url\":\"https:\\\/\\\/europeanreviewofbooks.com\\\/\",\"logo\":{\"@type\":\"ImageObject\",\"inLanguage\":\"lt-LT\",\"@id\":\"https:\\\/\\\/europeanreviewofbooks.com\\\/#\\\/schema\\\/logo\\\/image\\\/\",\"url\":\"https:\\\/\\\/europeanreviewofbooks.com\\\/wp-content\\\/uploads\\\/2024\\\/04\\\/logo-animated-once1.gif\",\"contentUrl\":\"https:\\\/\\\/europeanreviewofbooks.com\\\/wp-content\\\/uploads\\\/2024\\\/04\\\/logo-animated-once1.gif\",\"width\":640,\"height\":446,\"caption\":\"The European Review of Books\"},\"image\":{\"@id\":\"https:\\\/\\\/europeanreviewofbooks.com\\\/#\\\/schema\\\/logo\\\/image\\\/\"},\"sameAs\":[\"https:\\\/\\\/www.facebook.com\\\/europeanreview\\\/\",\"https:\\\/\\\/www.linkedin.com\\\/company\\\/the-european-review-of-books\\\/\",\"https:\\\/\\\/bsky.app\\\/profile\\\/europeanreview.bsky.social\"]}]}<\/script>\n<!-- \/ Yoast SEO plugin. -->","yoast_head_json":{"title":"Essays - The European Review of Books","robots":{"index":"index","follow":"follow","max-snippet":"max-snippet:-1","max-image-preview":"max-image-preview:large","max-video-preview":"max-video-preview:-1"},"canonical":"https:\/\/europeanreviewofbooks.com\/essays\/","og_locale":"lt_LT","og_type":"article","og_title":"Essays - The European Review of Books","og_url":"https:\/\/europeanreviewofbooks.com\/essays\/","og_site_name":"The European Review of Books","article_publisher":"https:\/\/www.facebook.com\/europeanreview\/","article_modified_time":"2024-08-29T15:47:07+00:00","twitter_card":"summary_large_image","schema":{"@context":"https:\/\/schema.org","@graph":[{"@type":"WebPage","@id":"https:\/\/europeanreviewofbooks.com\/essays\/","url":"https:\/\/europeanreviewofbooks.com\/essays\/","name":"Essays - The European Review of Books","isPartOf":{"@id":"https:\/\/europeanreviewofbooks.com\/#website"},"datePublished":"2024-08-29T14:12:37+00:00","dateModified":"2024-08-29T15:47:07+00:00","breadcrumb":{"@id":"https:\/\/europeanreviewofbooks.com\/essays\/#breadcrumb"},"inLanguage":"lt-LT","potentialAction":[{"@type":"ReadAction","target":["https:\/\/europeanreviewofbooks.com\/essays\/"]}]},{"@type":"BreadcrumbList","@id":"https:\/\/europeanreviewofbooks.com\/essays\/#breadcrumb","itemListElement":[{"@type":"ListItem","position":1,"name":"Home","item":"https:\/\/europeanreviewofbooks.com\/"},{"@type":"ListItem","position":2,"name":"Essays"}]},{"@type":"WebSite","@id":"https:\/\/europeanreviewofbooks.com\/#website","url":"https:\/\/europeanreviewofbooks.com\/","name":"The European Review of Books","description":"","publisher":{"@id":"https:\/\/europeanreviewofbooks.com\/#organization"},"potentialAction":[{"@type":"SearchAction","target":{"@type":"EntryPoint","urlTemplate":"https:\/\/europeanreviewofbooks.com\/?s={search_term_string}"},"query-input":{"@type":"PropertyValueSpecification","valueRequired":true,"valueName":"search_term_string"}}],"inLanguage":"lt-LT"},{"@type":"Organization","@id":"https:\/\/europeanreviewofbooks.com\/#organization","name":"The European Review of Books","url":"https:\/\/europeanreviewofbooks.com\/","logo":{"@type":"ImageObject","inLanguage":"lt-LT","@id":"https:\/\/europeanreviewofbooks.com\/#\/schema\/logo\/image\/","url":"https:\/\/europeanreviewofbooks.com\/wp-content\/uploads\/2024\/04\/logo-animated-once1.gif","contentUrl":"https:\/\/europeanreviewofbooks.com\/wp-content\/uploads\/2024\/04\/logo-animated-once1.gif","width":640,"height":446,"caption":"The European Review of Books"},"image":{"@id":"https:\/\/europeanreviewofbooks.com\/#\/schema\/logo\/image\/"},"sameAs":["https:\/\/www.facebook.com\/europeanreview\/","https:\/\/www.linkedin.com\/company\/the-european-review-of-books\/","https:\/\/bsky.app\/profile\/europeanreview.bsky.social"]}]}},"jetpack_sharing_enabled":true,"jetpack-related-posts":[{"id":545,"url":"https:\/\/europeanreviewofbooks.com\/lt\/newsletter\/","url_meta":{"origin":16822,"position":0},"title":"Discover Europe&#8217;s best writers and ideas","author":"admin","date":"11 baland\u017eio 2024","format":false,"excerpt":"\u2713 Weekly insights on European literature\u2713 Book reviews and author interviews\u2713 Original essays and short stories\u2713 Discover writers from across Europe The European Review of Books FREE weekly Dispatch brings you essays, reviews, stories - from Jane Austen to Adania Shibli & Italian novelists to Scandinavian voices. Recent articles: https:\/\/europeanreviewofbooks.com\/a-letter-from\/\u2026","rel":"","context":"Similar post","block_context":{"text":"Similar post","link":""},"img":{"alt_text":"","src":"","width":0,"height":0},"classes":[]},{"id":39459,"url":"https:\/\/europeanreviewofbooks.com\/lt\/newsletter-confirmed\/","url_meta":{"origin":16822,"position":1},"title":"Newsletter confirmed","author":"Sander Pleij","date":"12 kovo 2026","format":false,"excerpt":"Thank you! Your first Dispatch will arrive soon. Each week, the European Review of Books brings you essays, reviews, and stories from across Europe. While you wait, feel free to explore our library.","rel":"","context":"Similar post","block_context":{"text":"Similar post","link":""},"img":{"alt_text":"","src":"https:\/\/i0.wp.com\/europeanreviewofbooks.com\/wp-content\/uploads\/2024\/12\/Artboard-6%402x.png?resize=350%2C200&ssl=1","width":350,"height":200,"srcset":"https:\/\/i0.wp.com\/europeanreviewofbooks.com\/wp-content\/uploads\/2024\/12\/Artboard-6%402x.png?resize=350%2C200&ssl=1 1x, https:\/\/i0.wp.com\/europeanreviewofbooks.com\/wp-content\/uploads\/2024\/12\/Artboard-6%402x.png?resize=525%2C300&ssl=1 1.5x, https:\/\/i0.wp.com\/europeanreviewofbooks.com\/wp-content\/uploads\/2024\/12\/Artboard-6%402x.png?resize=700%2C400&ssl=1 2x"},"classes":[]},{"id":8451,"url":"https:\/\/europeanreviewofbooks.com\/lt\/issues\/issue-1\/","url_meta":{"origin":16822,"position":2},"title":"Issue One","author":"admin","date":"21 gegu\u017e\u0117s 2024","format":false,"excerpt":"Issue One JUNE 2022 Our first print issue, sprawling by design. Essays spanning the archaeological and the astronautical. Reviews of old books in new translation, and reviews of new books in non-translation. Plus fiction, poetry, anecdote, remembrance, collage, photography, and questions-not-so-frequently-asked. Buy the print version Subscribe","rel":"","context":"Similar post","block_context":{"text":"Similar post","link":""},"img":{"alt_text":"","src":"https:\/\/i0.wp.com\/europeanreviewofbooks.com\/wp-content\/uploads\/2024\/05\/erb_issue1_cover1.jpg?resize=350%2C200&ssl=1","width":350,"height":200,"srcset":"https:\/\/i0.wp.com\/europeanreviewofbooks.com\/wp-content\/uploads\/2024\/05\/erb_issue1_cover1.jpg?resize=350%2C200&ssl=1 1x, https:\/\/i0.wp.com\/europeanreviewofbooks.com\/wp-content\/uploads\/2024\/05\/erb_issue1_cover1.jpg?resize=525%2C300&ssl=1 1.5x, https:\/\/i0.wp.com\/europeanreviewofbooks.com\/wp-content\/uploads\/2024\/05\/erb_issue1_cover1.jpg?resize=700%2C400&ssl=1 2x, https:\/\/i0.wp.com\/europeanreviewofbooks.com\/wp-content\/uploads\/2024\/05\/erb_issue1_cover1.jpg?resize=1050%2C600&ssl=1 3x, https:\/\/i0.wp.com\/europeanreviewofbooks.com\/wp-content\/uploads\/2024\/05\/erb_issue1_cover1.jpg?resize=1400%2C800&ssl=1 4x"},"classes":[]},{"id":10494,"url":"https:\/\/europeanreviewofbooks.com\/lt\/issues\/issue-two\/","url_meta":{"origin":16822,"position":3},"title":"Issue Two","author":"admin","date":"24 gegu\u017e\u0117s 2024","format":false,"excerpt":"Issue Two DECEMBER 2022 Issue Two of Europe\u2019s new\u00a0r\u00e9publique des lettres. Essays, reportage, interview, photography and experiment by writers from Europe and beyond. Wisdom for an anxious age and well-sharpened profanity for a vulgar one. New books, invented languages, resurrected darlings, and to every reader their own\u00a0Dichter und Denker. Plus\u2026","rel":"","context":"Similar post","block_context":{"text":"Similar post","link":""},"img":{"alt_text":"","src":"https:\/\/i0.wp.com\/europeanreviewofbooks.com\/wp-content\/uploads\/2024\/05\/final-version-cover1.png?resize=350%2C200&ssl=1","width":350,"height":200,"srcset":"https:\/\/i0.wp.com\/europeanreviewofbooks.com\/wp-content\/uploads\/2024\/05\/final-version-cover1.png?resize=350%2C200&ssl=1 1x, https:\/\/i0.wp.com\/europeanreviewofbooks.com\/wp-content\/uploads\/2024\/05\/final-version-cover1.png?resize=525%2C300&ssl=1 1.5x, https:\/\/i0.wp.com\/europeanreviewofbooks.com\/wp-content\/uploads\/2024\/05\/final-version-cover1.png?resize=700%2C400&ssl=1 2x, https:\/\/i0.wp.com\/europeanreviewofbooks.com\/wp-content\/uploads\/2024\/05\/final-version-cover1.png?resize=1050%2C600&ssl=1 3x"},"classes":[]},{"id":276,"url":"https:\/\/europeanreviewofbooks.com\/lt\/submissions\/","url_meta":{"origin":16822,"position":4},"title":"Submissions","author":"admin","date":"10 baland\u017eio 2024","format":false,"excerpt":"What can I submit to the European Review of Books? We are a contemporary magazine and write about new books, culture and ideas, and new developments in society and geopolitics. Europe is our habitat. A submission and its author should somehow be relevant or make a connection to what\u2019s happening\u2026","rel":"","context":"Similar post","block_context":{"text":"Similar post","link":""},"img":{"alt_text":"","src":"","width":0,"height":0},"classes":[]},{"id":10464,"url":"https:\/\/europeanreviewofbooks.com\/lt\/welcome-to-the-european-review-of-books\/","url_meta":{"origin":16822,"position":5},"title":"Welcome to the European\u00a0Review\u00a0of\u00a0Books","author":"the editors","date":"1 sausio 2024","format":false,"excerpt":"But what is the European Review of Books? Here\u2019s a primer. We launched in 2021, and since 2022 we\u2019ve made\u00a0eight book-length issues. We dare say they\u2019re beautiful. They\u2019re also unusual. In print, the pages are uncut:\u00a0turn\u00a0them to read, but\u00a0cut\u00a0them\u00a0\u2014 easily done with a finger, also satisfying with a bookmark, knife\u2026","rel":"","context":"Similar post","block_context":{"text":"Similar post","link":""},"img":{"alt_text":"","src":"https:\/\/i0.wp.com\/europeanreviewofbooks.com\/wp-content\/uploads\/2025\/05\/Artboard-71-copy.png?resize=350%2C200&ssl=1","width":350,"height":200},"classes":[]}],"mfb_rest_fields":["title","yoast_head","yoast_head_json","jetpack_sharing_enabled","jetpack-related-posts"],"_links":{"self":[{"href":"https:\/\/europeanreviewofbooks.com\/lt\/wp-json\/wp\/v2\/pages\/16822","targetHints":{"allow":["GET"]}}],"collection":[{"href":"https:\/\/europeanreviewofbooks.com\/lt\/wp-json\/wp\/v2\/pages"}],"about":[{"href":"https:\/\/europeanreviewofbooks.com\/lt\/wp-json\/wp\/v2\/types\/page"}],"author":[{"embeddable":true,"href":"https:\/\/europeanreviewofbooks.com\/lt\/wp-json\/wp\/v2\/users\/1"}],"replies":[{"embeddable":true,"href":"https:\/\/europeanreviewofbooks.com\/lt\/wp-json\/wp\/v2\/comments?post=16822"}],"version-history":[{"count":0,"href":"https:\/\/europeanreviewofbooks.com\/lt\/wp-json\/wp\/v2\/pages\/16822\/revisions"}],"wp:attachment":[{"href":"https:\/\/europeanreviewofbooks.com\/lt\/wp-json\/wp\/v2\/media?parent=16822"}],"curies":[{"name":"wp","href":"https:\/\/api.w.org\/{rel}","templated":true}]}}