{"id":40265,"date":"2026-04-13T17:29:40","date_gmt":"2026-04-13T15:29:40","guid":{"rendered":"https:\/\/europeanreviewofbooks.com\/?post_type=product&#038;p=40265"},"modified":"2026-04-13T17:30:30","modified_gmt":"2026-04-13T15:30:30","slug":"erb-jubilee-pin","status":"publish","type":"product","link":"https:\/\/europeanreviewofbooks.com\/lt\/product\/erb-jubilee-pin\/","title":{"rendered":"ERB Jubilee pin"},"content":{"rendered":"","protected":false},"excerpt":{"rendered":"<p><strong data-start=\"308\" data-end=\"348\">European Review of Books Jubilee pin<\/strong> \u2013 a subtle emblem for readers in the know to carry.<\/p>\n","protected":false},"featured_media":35037,"template":"","meta":{"_acf_changed":false,"_ccgs_hide_in_listing":false,"_ccgs_reviewed_by":"","_ccgs_translated_by":"","inline_featured_image":false,"jetpack_post_was_ever_published":false},"product_brand":[],"product_cat":[18,348],"product_tag":[349],"class_list":{"0":"post-40265","1":"product","2":"type-product","3":"status-publish","4":"has-post-thumbnail","6":"product_cat-geen-categorie","7":"product_cat-merch","8":"product_tag-merch","9":"product_shipping_class-1-issue","11":"first","12":"instock","13":"taxable","14":"shipping-taxable","15":"purchasable","16":"product-type-simple"},"acf":[],"mb":[],"yoast_head":"<!-- This site is optimized with the Yoast SEO plugin v27.4 - https:\/\/yoast.com\/product\/yoast-seo-wordpress\/ -->\n<title>ERB Jubilee pin - The European Review of Books<\/title>\n<meta name=\"robots\" content=\"index, follow, max-snippet:-1, max-image-preview:large, max-video-preview:-1\" \/>\n<link rel=\"canonical\" href=\"https:\/\/europeanreviewofbooks.com\/product\/erb-jubilee-pin\/\" \/>\n<meta property=\"og:locale\" content=\"lt_LT\" \/>\n<meta property=\"og:type\" content=\"article\" \/>\n<meta property=\"og:title\" content=\"ERB Jubilee pin - The European Review of Books\" \/>\n<meta property=\"og:description\" content=\"European Review of Books Jubilee pin \u2013 a subtle emblem for readers in the know to carry.\" \/>\n<meta property=\"og:url\" content=\"https:\/\/europeanreviewofbooks.com\/product\/erb-jubilee-pin\/\" \/>\n<meta property=\"og:site_name\" content=\"The European Review of Books\" \/>\n<meta property=\"article:publisher\" content=\"https:\/\/www.facebook.com\/europeanreview\/\" \/>\n<meta property=\"article:modified_time\" content=\"2026-04-13T15:30:30+00:00\" \/>\n<meta name=\"twitter:card\" content=\"summary_large_image\" \/>\n<meta name=\"twitter:image\" content=\"https:\/\/europeanreviewofbooks.com\/wp-content\/uploads\/2024\/04\/pin.png\" \/>\n<meta name=\"twitter:label1\" content=\"Est. reading time\" \/>\n\t<meta name=\"twitter:data1\" content=\"1 minut\u0117\" \/>\n<script type=\"application\/ld+json\" class=\"yoast-schema-graph\">{\"@context\":\"https:\\\/\\\/schema.org\",\"@graph\":[{\"@type\":\"WebPage\",\"@id\":\"https:\\\/\\\/europeanreviewofbooks.com\\\/product\\\/erb-jubilee-pin\\\/\",\"url\":\"https:\\\/\\\/europeanreviewofbooks.com\\\/product\\\/erb-jubilee-pin\\\/\",\"name\":\"ERB Jubilee pin - The European Review of Books\",\"isPartOf\":{\"@id\":\"https:\\\/\\\/europeanreviewofbooks.com\\\/#website\"},\"primaryImageOfPage\":{\"@id\":\"https:\\\/\\\/europeanreviewofbooks.com\\\/product\\\/erb-jubilee-pin\\\/#primaryimage\"},\"image\":{\"@id\":\"https:\\\/\\\/europeanreviewofbooks.com\\\/product\\\/erb-jubilee-pin\\\/#primaryimage\"},\"thumbnailUrl\":\"https:\\\/\\\/europeanreviewofbooks.com\\\/wp-content\\\/uploads\\\/2024\\\/04\\\/pin.png\",\"datePublished\":\"2026-04-13T15:29:40+00:00\",\"dateModified\":\"2026-04-13T15:30:30+00:00\",\"breadcrumb\":{\"@id\":\"https:\\\/\\\/europeanreviewofbooks.com\\\/product\\\/erb-jubilee-pin\\\/#breadcrumb\"},\"inLanguage\":\"lt-LT\",\"potentialAction\":[{\"@type\":\"ReadAction\",\"target\":[\"https:\\\/\\\/europeanreviewofbooks.com\\\/product\\\/erb-jubilee-pin\\\/\"]}]},{\"@type\":\"ImageObject\",\"inLanguage\":\"lt-LT\",\"@id\":\"https:\\\/\\\/europeanreviewofbooks.com\\\/product\\\/erb-jubilee-pin\\\/#primaryimage\",\"url\":\"https:\\\/\\\/europeanreviewofbooks.com\\\/wp-content\\\/uploads\\\/2024\\\/04\\\/pin.png\",\"contentUrl\":\"https:\\\/\\\/europeanreviewofbooks.com\\\/wp-content\\\/uploads\\\/2024\\\/04\\\/pin.png\",\"width\":1058,\"height\":1012},{\"@type\":\"BreadcrumbList\",\"@id\":\"https:\\\/\\\/europeanreviewofbooks.com\\\/product\\\/erb-jubilee-pin\\\/#breadcrumb\",\"itemListElement\":[{\"@type\":\"ListItem\",\"position\":1,\"name\":\"Home\",\"item\":\"https:\\\/\\\/europeanreviewofbooks.com\\\/\"},{\"@type\":\"ListItem\",\"position\":2,\"name\":\"Private: Catalog\",\"item\":\"https:\\\/\\\/europeanreviewofbooks.com\\\/?page_id=33138\"},{\"@type\":\"ListItem\",\"position\":3,\"name\":\"ERB Jubilee pin\"}]},{\"@type\":\"WebSite\",\"@id\":\"https:\\\/\\\/europeanreviewofbooks.com\\\/#website\",\"url\":\"https:\\\/\\\/europeanreviewofbooks.com\\\/\",\"name\":\"The European Review of Books\",\"description\":\"\",\"publisher\":{\"@id\":\"https:\\\/\\\/europeanreviewofbooks.com\\\/#organization\"},\"potentialAction\":[{\"@type\":\"SearchAction\",\"target\":{\"@type\":\"EntryPoint\",\"urlTemplate\":\"https:\\\/\\\/europeanreviewofbooks.com\\\/?s={search_term_string}\"},\"query-input\":{\"@type\":\"PropertyValueSpecification\",\"valueRequired\":true,\"valueName\":\"search_term_string\"}}],\"inLanguage\":\"lt-LT\"},{\"@type\":\"Organization\",\"@id\":\"https:\\\/\\\/europeanreviewofbooks.com\\\/#organization\",\"name\":\"The European Review of Books\",\"url\":\"https:\\\/\\\/europeanreviewofbooks.com\\\/\",\"logo\":{\"@type\":\"ImageObject\",\"inLanguage\":\"lt-LT\",\"@id\":\"https:\\\/\\\/europeanreviewofbooks.com\\\/#\\\/schema\\\/logo\\\/image\\\/\",\"url\":\"https:\\\/\\\/europeanreviewofbooks.com\\\/wp-content\\\/uploads\\\/2024\\\/04\\\/logo-animated-once1.gif\",\"contentUrl\":\"https:\\\/\\\/europeanreviewofbooks.com\\\/wp-content\\\/uploads\\\/2024\\\/04\\\/logo-animated-once1.gif\",\"width\":640,\"height\":446,\"caption\":\"The European Review of Books\"},\"image\":{\"@id\":\"https:\\\/\\\/europeanreviewofbooks.com\\\/#\\\/schema\\\/logo\\\/image\\\/\"},\"sameAs\":[\"https:\\\/\\\/www.facebook.com\\\/europeanreview\\\/\",\"https:\\\/\\\/www.linkedin.com\\\/company\\\/the-european-review-of-books\\\/\",\"https:\\\/\\\/bsky.app\\\/profile\\\/europeanreview.bsky.social\"]}]}<\/script>\n<!-- \/ Yoast SEO plugin. -->","yoast_head_json":{"title":"ERB Jubilee pin - The European Review of Books","robots":{"index":"index","follow":"follow","max-snippet":"max-snippet:-1","max-image-preview":"max-image-preview:large","max-video-preview":"max-video-preview:-1"},"canonical":"https:\/\/europeanreviewofbooks.com\/product\/erb-jubilee-pin\/","og_locale":"lt_LT","og_type":"article","og_title":"ERB Jubilee pin - The European Review of Books","og_description":"European Review of Books Jubilee pin \u2013 a subtle emblem for readers in the know to carry.","og_url":"https:\/\/europeanreviewofbooks.com\/product\/erb-jubilee-pin\/","og_site_name":"The European Review of Books","article_publisher":"https:\/\/www.facebook.com\/europeanreview\/","article_modified_time":"2026-04-13T15:30:30+00:00","twitter_card":"summary_large_image","twitter_image":"https:\/\/europeanreviewofbooks.com\/wp-content\/uploads\/2024\/04\/pin.png","twitter_misc":{"Est. reading time":"1 minut\u0117"},"schema":{"@context":"https:\/\/schema.org","@graph":[{"@type":"WebPage","@id":"https:\/\/europeanreviewofbooks.com\/product\/erb-jubilee-pin\/","url":"https:\/\/europeanreviewofbooks.com\/product\/erb-jubilee-pin\/","name":"ERB Jubilee pin - The European Review of Books","isPartOf":{"@id":"https:\/\/europeanreviewofbooks.com\/#website"},"primaryImageOfPage":{"@id":"https:\/\/europeanreviewofbooks.com\/product\/erb-jubilee-pin\/#primaryimage"},"image":{"@id":"https:\/\/europeanreviewofbooks.com\/product\/erb-jubilee-pin\/#primaryimage"},"thumbnailUrl":"https:\/\/europeanreviewofbooks.com\/wp-content\/uploads\/2024\/04\/pin.png","datePublished":"2026-04-13T15:29:40+00:00","dateModified":"2026-04-13T15:30:30+00:00","breadcrumb":{"@id":"https:\/\/europeanreviewofbooks.com\/product\/erb-jubilee-pin\/#breadcrumb"},"inLanguage":"lt-LT","potentialAction":[{"@type":"ReadAction","target":["https:\/\/europeanreviewofbooks.com\/product\/erb-jubilee-pin\/"]}]},{"@type":"ImageObject","inLanguage":"lt-LT","@id":"https:\/\/europeanreviewofbooks.com\/product\/erb-jubilee-pin\/#primaryimage","url":"https:\/\/europeanreviewofbooks.com\/wp-content\/uploads\/2024\/04\/pin.png","contentUrl":"https:\/\/europeanreviewofbooks.com\/wp-content\/uploads\/2024\/04\/pin.png","width":1058,"height":1012},{"@type":"BreadcrumbList","@id":"https:\/\/europeanreviewofbooks.com\/product\/erb-jubilee-pin\/#breadcrumb","itemListElement":[{"@type":"ListItem","position":1,"name":"Home","item":"https:\/\/europeanreviewofbooks.com\/"},{"@type":"ListItem","position":2,"name":"Private: Catalog","item":"https:\/\/europeanreviewofbooks.com\/?page_id=33138"},{"@type":"ListItem","position":3,"name":"ERB Jubilee pin"}]},{"@type":"WebSite","@id":"https:\/\/europeanreviewofbooks.com\/#website","url":"https:\/\/europeanreviewofbooks.com\/","name":"The European Review of Books","description":"","publisher":{"@id":"https:\/\/europeanreviewofbooks.com\/#organization"},"potentialAction":[{"@type":"SearchAction","target":{"@type":"EntryPoint","urlTemplate":"https:\/\/europeanreviewofbooks.com\/?s={search_term_string}"},"query-input":{"@type":"PropertyValueSpecification","valueRequired":true,"valueName":"search_term_string"}}],"inLanguage":"lt-LT"},{"@type":"Organization","@id":"https:\/\/europeanreviewofbooks.com\/#organization","name":"The European Review of Books","url":"https:\/\/europeanreviewofbooks.com\/","logo":{"@type":"ImageObject","inLanguage":"lt-LT","@id":"https:\/\/europeanreviewofbooks.com\/#\/schema\/logo\/image\/","url":"https:\/\/europeanreviewofbooks.com\/wp-content\/uploads\/2024\/04\/logo-animated-once1.gif","contentUrl":"https:\/\/europeanreviewofbooks.com\/wp-content\/uploads\/2024\/04\/logo-animated-once1.gif","width":640,"height":446,"caption":"The European Review of Books"},"image":{"@id":"https:\/\/europeanreviewofbooks.com\/#\/schema\/logo\/image\/"},"sameAs":["https:\/\/www.facebook.com\/europeanreview\/","https:\/\/www.linkedin.com\/company\/the-european-review-of-books\/","https:\/\/bsky.app\/profile\/europeanreview.bsky.social"]}]}},"jetpack_sharing_enabled":true,"jetpack-related-posts":[{"id":40246,"url":"https:\/\/europeanreviewofbooks.com\/lt\/product\/erb-jubilee-tote-bag\/","url_meta":{"origin":40265,"position":0},"title":"ERB Jubilee tote bag","author":"Liene L\u016bs\u012bte","date":"13 baland\u017eio 2026","format":false,"excerpt":"European Review of Books Jubilee tote bag \u2013 for books, notebooks, and anything else that ends up coming with you.","rel":"","context":"Similar post","block_context":{"text":"Similar post","link":""},"img":{"alt_text":"","src":"https:\/\/i0.wp.com\/europeanreviewofbooks.com\/wp-content\/uploads\/2025\/12\/tote1.jpeg?resize=350%2C200&ssl=1","width":350,"height":200,"srcset":"https:\/\/i0.wp.com\/europeanreviewofbooks.com\/wp-content\/uploads\/2025\/12\/tote1.jpeg?resize=350%2C200&ssl=1 1x, https:\/\/i0.wp.com\/europeanreviewofbooks.com\/wp-content\/uploads\/2025\/12\/tote1.jpeg?resize=525%2C300&ssl=1 1.5x, https:\/\/i0.wp.com\/europeanreviewofbooks.com\/wp-content\/uploads\/2025\/12\/tote1.jpeg?resize=700%2C400&ssl=1 2x, https:\/\/i0.wp.com\/europeanreviewofbooks.com\/wp-content\/uploads\/2025\/12\/tote1.jpeg?resize=1050%2C600&ssl=1 3x, https:\/\/i0.wp.com\/europeanreviewofbooks.com\/wp-content\/uploads\/2025\/12\/tote1.jpeg?resize=1400%2C800&ssl=1 4x"},"classes":[]},{"id":40264,"url":"https:\/\/europeanreviewofbooks.com\/lt\/product\/erb-jubilee-stickers\/","url_meta":{"origin":40265,"position":1},"title":"ERB Jubilee stickers","author":"Liene L\u016bs\u012bte","date":"13 baland\u017eio 2026","format":false,"excerpt":"European Review of Books Jubilee edition sticker sheet \u2013 made to travel from laptops to notebooks to wherever you stick them.","rel":"","context":"Similar post","block_context":{"text":"Similar post","link":""},"img":{"alt_text":"","src":"https:\/\/i0.wp.com\/europeanreviewofbooks.com\/wp-content\/uploads\/2024\/04\/Stickers.png?resize=350%2C200&ssl=1","width":350,"height":200,"srcset":"https:\/\/i0.wp.com\/europeanreviewofbooks.com\/wp-content\/uploads\/2024\/04\/Stickers.png?resize=350%2C200&ssl=1 1x, https:\/\/i0.wp.com\/europeanreviewofbooks.com\/wp-content\/uploads\/2024\/04\/Stickers.png?resize=525%2C300&ssl=1 1.5x, https:\/\/i0.wp.com\/europeanreviewofbooks.com\/wp-content\/uploads\/2024\/04\/Stickers.png?resize=700%2C400&ssl=1 2x, https:\/\/i0.wp.com\/europeanreviewofbooks.com\/wp-content\/uploads\/2024\/04\/Stickers.png?resize=1050%2C600&ssl=1 3x, https:\/\/i0.wp.com\/europeanreviewofbooks.com\/wp-content\/uploads\/2024\/04\/Stickers.png?resize=1400%2C800&ssl=1 4x"},"classes":[]},{"id":185,"url":"https:\/\/europeanreviewofbooks.com\/lt\/product\/benefactor\/","url_meta":{"origin":40265,"position":2},"title":"Benefactor","author":"admin","date":"1 baland\u017eio 2024","format":false,"excerpt":"It\u2019s our Jubilee \u2014 we bring offerings. Become a Benefactor, the ultimate ERB member, and we\u2019ll gift you the proper badge: the ERB pin. In our gratitude, we\u2019ll add the other beautiful ERB merch \u2014 the tote and the sticker sheet. See more on our Jubilee page.","rel":"","context":"Similar post","block_context":{"text":"Similar post","link":""},"img":{"alt_text":"","src":"https:\/\/i0.wp.com\/europeanreviewofbooks.com\/wp-content\/uploads\/2024\/04\/images.webp?resize=350%2C200&ssl=1","width":350,"height":200},"classes":[]},{"id":38515,"url":"https:\/\/europeanreviewofbooks.com\/lt\/product\/printdigital-jubilee\/","url_meta":{"origin":40265,"position":3},"title":"Print+Digital","author":"admin","date":"18 gruod\u017eio 2025","format":false,"excerpt":"It\u2019s our Jubilee \u2014 we bring offerings. Become a member with Print+Digital subscription, and we\u2019ll gift you a thank you gift: the ERB tote bag. See more on our Jubilee page.","rel":"","context":"Similar post","block_context":{"text":"Similar post","link":""},"img":{"alt_text":"","src":"https:\/\/i0.wp.com\/europeanreviewofbooks.com\/wp-content\/uploads\/2024\/04\/IMG_3209-positive-2-1080x1080-1.webp?resize=350%2C200&ssl=1","width":350,"height":200,"srcset":"https:\/\/i0.wp.com\/europeanreviewofbooks.com\/wp-content\/uploads\/2024\/04\/IMG_3209-positive-2-1080x1080-1.webp?resize=350%2C200&ssl=1 1x, https:\/\/i0.wp.com\/europeanreviewofbooks.com\/wp-content\/uploads\/2024\/04\/IMG_3209-positive-2-1080x1080-1.webp?resize=525%2C300&ssl=1 1.5x"},"classes":[]},{"id":164,"url":"https:\/\/europeanreviewofbooks.com\/lt\/product\/digital-yearly\/","url_meta":{"origin":40265,"position":4},"title":"Digital Monthly or Yearly","author":"admin","date":"3 baland\u017eio 2024","format":false,"excerpt":"It\u2019s our Jubilee \u2014 we bring offerings. Become a member with a year-long Digital-only subscription, and we\u2019ll gift you a thank you gift: ERB vignette sticker selection. Fill out the form, so that we know where to send the gift! https:\/\/tally.so\/r\/rjjgYM","rel":"","context":"Similar post","block_context":{"text":"Similar post","link":""},"img":{"alt_text":"","src":"https:\/\/i0.wp.com\/europeanreviewofbooks.com\/wp-content\/uploads\/2025\/02\/13.png?resize=350%2C200&ssl=1","width":350,"height":200,"srcset":"https:\/\/i0.wp.com\/europeanreviewofbooks.com\/wp-content\/uploads\/2025\/02\/13.png?resize=350%2C200&ssl=1 1x, https:\/\/i0.wp.com\/europeanreviewofbooks.com\/wp-content\/uploads\/2025\/02\/13.png?resize=525%2C300&ssl=1 1.5x, https:\/\/i0.wp.com\/europeanreviewofbooks.com\/wp-content\/uploads\/2025\/02\/13.png?resize=700%2C400&ssl=1 2x, https:\/\/i0.wp.com\/europeanreviewofbooks.com\/wp-content\/uploads\/2025\/02\/13.png?resize=1050%2C600&ssl=1 3x"},"classes":[]},{"id":7941,"url":"https:\/\/europeanreviewofbooks.com\/lt\/product\/europe-special-2024-extra-edition\/","url_meta":{"origin":40265,"position":5},"title":"Europe Special 2024","author":"admin","date":"10 gegu\u017e\u0117s 2024","format":false,"excerpt":"This extra edition is adorned with the Europe-maps that were created for the ERB by the architect Rem Koolhaas and our designer, Patrick Doan. We\u2019ve included the ERB\u2019s best writing on Europe. With Europas and bulls, the EU going to church, Liythuania: the thirty times loser of the Eurovision Song\u2026","rel":"","context":"Similar post","block_context":{"text":"Similar post","link":""},"img":{"alt_text":"","src":"https:\/\/i0.wp.com\/europeanreviewofbooks.com\/wp-content\/uploads\/2025\/04\/issuespecial.png?resize=350%2C200&ssl=1","width":350,"height":200,"srcset":"https:\/\/i0.wp.com\/europeanreviewofbooks.com\/wp-content\/uploads\/2025\/04\/issuespecial.png?resize=350%2C200&ssl=1 1x, https:\/\/i0.wp.com\/europeanreviewofbooks.com\/wp-content\/uploads\/2025\/04\/issuespecial.png?resize=525%2C300&ssl=1 1.5x, https:\/\/i0.wp.com\/europeanreviewofbooks.com\/wp-content\/uploads\/2025\/04\/issuespecial.png?resize=700%2C400&ssl=1 2x, https:\/\/i0.wp.com\/europeanreviewofbooks.com\/wp-content\/uploads\/2025\/04\/issuespecial.png?resize=1050%2C600&ssl=1 3x"},"classes":[]}],"mfb_rest_fields":["title","yoast_head","yoast_head_json","jetpack_sharing_enabled","jetpack-related-posts"],"_links":{"self":[{"href":"https:\/\/europeanreviewofbooks.com\/lt\/wp-json\/wp\/v2\/product\/40265","targetHints":{"allow":["GET"]}}],"collection":[{"href":"https:\/\/europeanreviewofbooks.com\/lt\/wp-json\/wp\/v2\/product"}],"about":[{"href":"https:\/\/europeanreviewofbooks.com\/lt\/wp-json\/wp\/v2\/types\/product"}],"wp:featuredmedia":[{"embeddable":true,"href":"https:\/\/europeanreviewofbooks.com\/lt\/wp-json\/wp\/v2\/media\/35037"}],"wp:attachment":[{"href":"https:\/\/europeanreviewofbooks.com\/lt\/wp-json\/wp\/v2\/media?parent=40265"}],"wp:term":[{"taxonomy":"product_brand","embeddable":true,"href":"https:\/\/europeanreviewofbooks.com\/lt\/wp-json\/wp\/v2\/product_brand?post=40265"},{"taxonomy":"product_cat","embeddable":true,"href":"https:\/\/europeanreviewofbooks.com\/lt\/wp-json\/wp\/v2\/product_cat?post=40265"},{"taxonomy":"product_tag","embeddable":true,"href":"https:\/\/europeanreviewofbooks.com\/lt\/wp-json\/wp\/v2\/product_tag?post=40265"}],"curies":[{"name":"wp","href":"https:\/\/api.w.org\/{rel}","templated":true}]}}