{"id":40264,"date":"2026-04-13T17:21:48","date_gmt":"2026-04-13T15:21:48","guid":{"rendered":"https:\/\/europeanreviewofbooks.com\/?post_type=product&#038;p=40264"},"modified":"2026-04-17T19:09:18","modified_gmt":"2026-04-17T17:09:18","slug":"erb-jubilee-stickers","status":"publish","type":"product","link":"https:\/\/europeanreviewofbooks.com\/tr\/product\/erb-jubilee-stickers\/","title":{"rendered":"ERB Jubilee stickers"},"content":{"rendered":"<p><strong data-start=\"561\" data-end=\"619\">European Review of Books Jubilee edition sticker sheet<\/strong> \u2013 made to travel from laptops to notebooks to wherever you stick them.<\/p>\n","protected":false},"excerpt":{"rendered":"<p><strong data-start=\"561\" data-end=\"619\">European Review of Books Jubilee edition sticker sheet.<\/strong><\/p>\n","protected":false},"featured_media":35053,"template":"","meta":{"_acf_changed":false,"_ccgs_hide_in_listing":false,"_ccgs_reviewed_by":"","_ccgs_translated_by":"","inline_featured_image":false,"jetpack_post_was_ever_published":false},"product_brand":[],"product_cat":[348],"product_tag":[349],"class_list":{"0":"post-40264","1":"product","2":"type-product","3":"status-publish","4":"has-post-thumbnail","6":"product_cat-merch","7":"product_tag-merch","8":"product_shipping_class-merch","10":"first","11":"instock","12":"taxable","13":"shipping-taxable","14":"purchasable","15":"product-type-simple"},"acf":[],"mb":[],"yoast_head":"<!-- This site is optimized with the Yoast SEO plugin v27.4 - https:\/\/yoast.com\/product\/yoast-seo-wordpress\/ -->\n<title>ERB Jubilee stickers - The European Review of Books<\/title>\n<meta name=\"robots\" content=\"index, follow, max-snippet:-1, max-image-preview:large, max-video-preview:-1\" \/>\n<link rel=\"canonical\" href=\"https:\/\/europeanreviewofbooks.com\/product\/erb-jubilee-stickers\/\" \/>\n<meta property=\"og:locale\" content=\"tr_TR\" \/>\n<meta property=\"og:type\" content=\"article\" \/>\n<meta property=\"og:title\" content=\"ERB Jubilee stickers - The European Review of Books\" \/>\n<meta property=\"og:description\" content=\"European Review of Books Jubilee edition sticker sheet.\" \/>\n<meta property=\"og:url\" content=\"https:\/\/europeanreviewofbooks.com\/product\/erb-jubilee-stickers\/\" \/>\n<meta property=\"og:site_name\" content=\"The European Review of Books\" \/>\n<meta property=\"article:publisher\" content=\"https:\/\/www.facebook.com\/europeanreview\/\" \/>\n<meta property=\"article:modified_time\" content=\"2026-04-17T17:09:18+00:00\" \/>\n<meta property=\"og:image\" content=\"https:\/\/europeanreviewofbooks.com\/wp-content\/uploads\/2024\/04\/Stickers.png\" \/>\n\t<meta property=\"og:image:width\" content=\"1685\" \/>\n\t<meta property=\"og:image:height\" content=\"1621\" \/>\n\t<meta property=\"og:image:type\" content=\"image\/png\" \/>\n<meta name=\"twitter:card\" content=\"summary_large_image\" \/>\n<meta name=\"twitter:label1\" content=\"Tahmini okuma s\u00fcresi\" \/>\n\t<meta name=\"twitter:data1\" content=\"1 dakika\" \/>\n<script type=\"application\/ld+json\" class=\"yoast-schema-graph\">{\"@context\":\"https:\\\/\\\/schema.org\",\"@graph\":[{\"@type\":\"WebPage\",\"@id\":\"https:\\\/\\\/europeanreviewofbooks.com\\\/product\\\/erb-jubilee-stickers\\\/\",\"url\":\"https:\\\/\\\/europeanreviewofbooks.com\\\/product\\\/erb-jubilee-stickers\\\/\",\"name\":\"ERB Jubilee stickers - The European Review of Books\",\"isPartOf\":{\"@id\":\"https:\\\/\\\/europeanreviewofbooks.com\\\/#website\"},\"primaryImageOfPage\":{\"@id\":\"https:\\\/\\\/europeanreviewofbooks.com\\\/product\\\/erb-jubilee-stickers\\\/#primaryimage\"},\"image\":{\"@id\":\"https:\\\/\\\/europeanreviewofbooks.com\\\/product\\\/erb-jubilee-stickers\\\/#primaryimage\"},\"thumbnailUrl\":\"https:\\\/\\\/europeanreviewofbooks.com\\\/wp-content\\\/uploads\\\/2024\\\/04\\\/Stickers.png\",\"datePublished\":\"2026-04-13T15:21:48+00:00\",\"dateModified\":\"2026-04-17T17:09:18+00:00\",\"breadcrumb\":{\"@id\":\"https:\\\/\\\/europeanreviewofbooks.com\\\/product\\\/erb-jubilee-stickers\\\/#breadcrumb\"},\"inLanguage\":\"tr\",\"potentialAction\":[{\"@type\":\"ReadAction\",\"target\":[\"https:\\\/\\\/europeanreviewofbooks.com\\\/product\\\/erb-jubilee-stickers\\\/\"]}]},{\"@type\":\"ImageObject\",\"inLanguage\":\"tr\",\"@id\":\"https:\\\/\\\/europeanreviewofbooks.com\\\/product\\\/erb-jubilee-stickers\\\/#primaryimage\",\"url\":\"https:\\\/\\\/europeanreviewofbooks.com\\\/wp-content\\\/uploads\\\/2024\\\/04\\\/Stickers.png\",\"contentUrl\":\"https:\\\/\\\/europeanreviewofbooks.com\\\/wp-content\\\/uploads\\\/2024\\\/04\\\/Stickers.png\",\"width\":1685,\"height\":1621},{\"@type\":\"BreadcrumbList\",\"@id\":\"https:\\\/\\\/europeanreviewofbooks.com\\\/product\\\/erb-jubilee-stickers\\\/#breadcrumb\",\"itemListElement\":[{\"@type\":\"ListItem\",\"position\":1,\"name\":\"Home\",\"item\":\"https:\\\/\\\/europeanreviewofbooks.com\\\/\"},{\"@type\":\"ListItem\",\"position\":2,\"name\":\"Private: Catalog\",\"item\":\"https:\\\/\\\/europeanreviewofbooks.com\\\/?page_id=33138\"},{\"@type\":\"ListItem\",\"position\":3,\"name\":\"ERB Jubilee stickers\"}]},{\"@type\":\"WebSite\",\"@id\":\"https:\\\/\\\/europeanreviewofbooks.com\\\/#website\",\"url\":\"https:\\\/\\\/europeanreviewofbooks.com\\\/\",\"name\":\"The European Review of Books\",\"description\":\"\",\"publisher\":{\"@id\":\"https:\\\/\\\/europeanreviewofbooks.com\\\/#organization\"},\"potentialAction\":[{\"@type\":\"SearchAction\",\"target\":{\"@type\":\"EntryPoint\",\"urlTemplate\":\"https:\\\/\\\/europeanreviewofbooks.com\\\/?s={search_term_string}\"},\"query-input\":{\"@type\":\"PropertyValueSpecification\",\"valueRequired\":true,\"valueName\":\"search_term_string\"}}],\"inLanguage\":\"tr\"},{\"@type\":\"Organization\",\"@id\":\"https:\\\/\\\/europeanreviewofbooks.com\\\/#organization\",\"name\":\"The European Review of Books\",\"url\":\"https:\\\/\\\/europeanreviewofbooks.com\\\/\",\"logo\":{\"@type\":\"ImageObject\",\"inLanguage\":\"tr\",\"@id\":\"https:\\\/\\\/europeanreviewofbooks.com\\\/#\\\/schema\\\/logo\\\/image\\\/\",\"url\":\"https:\\\/\\\/europeanreviewofbooks.com\\\/wp-content\\\/uploads\\\/2024\\\/04\\\/logo-animated-once1.gif\",\"contentUrl\":\"https:\\\/\\\/europeanreviewofbooks.com\\\/wp-content\\\/uploads\\\/2024\\\/04\\\/logo-animated-once1.gif\",\"width\":640,\"height\":446,\"caption\":\"The European Review of Books\"},\"image\":{\"@id\":\"https:\\\/\\\/europeanreviewofbooks.com\\\/#\\\/schema\\\/logo\\\/image\\\/\"},\"sameAs\":[\"https:\\\/\\\/www.facebook.com\\\/europeanreview\\\/\",\"https:\\\/\\\/www.linkedin.com\\\/company\\\/the-european-review-of-books\\\/\",\"https:\\\/\\\/bsky.app\\\/profile\\\/europeanreview.bsky.social\"]}]}<\/script>\n<!-- \/ Yoast SEO plugin. -->","yoast_head_json":{"title":"ERB Jubilee stickers - The European Review of Books","robots":{"index":"index","follow":"follow","max-snippet":"max-snippet:-1","max-image-preview":"max-image-preview:large","max-video-preview":"max-video-preview:-1"},"canonical":"https:\/\/europeanreviewofbooks.com\/product\/erb-jubilee-stickers\/","og_locale":"tr_TR","og_type":"article","og_title":"ERB Jubilee stickers - The European Review of Books","og_description":"European Review of Books Jubilee edition sticker sheet.","og_url":"https:\/\/europeanreviewofbooks.com\/product\/erb-jubilee-stickers\/","og_site_name":"The European Review of Books","article_publisher":"https:\/\/www.facebook.com\/europeanreview\/","article_modified_time":"2026-04-17T17:09:18+00:00","og_image":[{"width":1685,"height":1621,"url":"https:\/\/europeanreviewofbooks.com\/wp-content\/uploads\/2024\/04\/Stickers.png","type":"image\/png"}],"twitter_card":"summary_large_image","twitter_misc":{"Tahmini okuma s\u00fcresi":"1 dakika"},"schema":{"@context":"https:\/\/schema.org","@graph":[{"@type":"WebPage","@id":"https:\/\/europeanreviewofbooks.com\/product\/erb-jubilee-stickers\/","url":"https:\/\/europeanreviewofbooks.com\/product\/erb-jubilee-stickers\/","name":"ERB Jubilee stickers - The European Review of Books","isPartOf":{"@id":"https:\/\/europeanreviewofbooks.com\/#website"},"primaryImageOfPage":{"@id":"https:\/\/europeanreviewofbooks.com\/product\/erb-jubilee-stickers\/#primaryimage"},"image":{"@id":"https:\/\/europeanreviewofbooks.com\/product\/erb-jubilee-stickers\/#primaryimage"},"thumbnailUrl":"https:\/\/europeanreviewofbooks.com\/wp-content\/uploads\/2024\/04\/Stickers.png","datePublished":"2026-04-13T15:21:48+00:00","dateModified":"2026-04-17T17:09:18+00:00","breadcrumb":{"@id":"https:\/\/europeanreviewofbooks.com\/product\/erb-jubilee-stickers\/#breadcrumb"},"inLanguage":"tr","potentialAction":[{"@type":"ReadAction","target":["https:\/\/europeanreviewofbooks.com\/product\/erb-jubilee-stickers\/"]}]},{"@type":"ImageObject","inLanguage":"tr","@id":"https:\/\/europeanreviewofbooks.com\/product\/erb-jubilee-stickers\/#primaryimage","url":"https:\/\/europeanreviewofbooks.com\/wp-content\/uploads\/2024\/04\/Stickers.png","contentUrl":"https:\/\/europeanreviewofbooks.com\/wp-content\/uploads\/2024\/04\/Stickers.png","width":1685,"height":1621},{"@type":"BreadcrumbList","@id":"https:\/\/europeanreviewofbooks.com\/product\/erb-jubilee-stickers\/#breadcrumb","itemListElement":[{"@type":"ListItem","position":1,"name":"Home","item":"https:\/\/europeanreviewofbooks.com\/"},{"@type":"ListItem","position":2,"name":"Private: Catalog","item":"https:\/\/europeanreviewofbooks.com\/?page_id=33138"},{"@type":"ListItem","position":3,"name":"ERB Jubilee stickers"}]},{"@type":"WebSite","@id":"https:\/\/europeanreviewofbooks.com\/#website","url":"https:\/\/europeanreviewofbooks.com\/","name":"The European Review of Books","description":"","publisher":{"@id":"https:\/\/europeanreviewofbooks.com\/#organization"},"potentialAction":[{"@type":"SearchAction","target":{"@type":"EntryPoint","urlTemplate":"https:\/\/europeanreviewofbooks.com\/?s={search_term_string}"},"query-input":{"@type":"PropertyValueSpecification","valueRequired":true,"valueName":"search_term_string"}}],"inLanguage":"tr"},{"@type":"Organization","@id":"https:\/\/europeanreviewofbooks.com\/#organization","name":"The European Review of Books","url":"https:\/\/europeanreviewofbooks.com\/","logo":{"@type":"ImageObject","inLanguage":"tr","@id":"https:\/\/europeanreviewofbooks.com\/#\/schema\/logo\/image\/","url":"https:\/\/europeanreviewofbooks.com\/wp-content\/uploads\/2024\/04\/logo-animated-once1.gif","contentUrl":"https:\/\/europeanreviewofbooks.com\/wp-content\/uploads\/2024\/04\/logo-animated-once1.gif","width":640,"height":446,"caption":"The European Review of Books"},"image":{"@id":"https:\/\/europeanreviewofbooks.com\/#\/schema\/logo\/image\/"},"sameAs":["https:\/\/www.facebook.com\/europeanreview\/","https:\/\/www.linkedin.com\/company\/the-european-review-of-books\/","https:\/\/bsky.app\/profile\/europeanreview.bsky.social"]}]}},"jetpack_sharing_enabled":true,"jetpack-related-posts":[{"id":185,"url":"https:\/\/europeanreviewofbooks.com\/tr\/product\/benefactor\/","url_meta":{"origin":40264,"position":0},"title":"Benefactor","author":"admin","date":"1 Nisan 2024","format":false,"excerpt":"It\u2019s our Jubilee \u2014 we bring offerings. Become a Benefactor, the ultimate ERB member, and we\u2019ll gift you the proper badge: the ERB pin. In our gratitude, we\u2019ll add the other beautiful ERB merch \u2014 the tote and the sticker sheet. See more on our Jubilee page.","rel":"","context":"Benzer yaz\u0131","block_context":{"text":"Benzer yaz\u0131","link":""},"img":{"alt_text":"","src":"https:\/\/i0.wp.com\/europeanreviewofbooks.com\/wp-content\/uploads\/2024\/04\/images.webp?resize=350%2C200&ssl=1","width":350,"height":200},"classes":[]},{"id":40265,"url":"https:\/\/europeanreviewofbooks.com\/tr\/product\/erb-jubilee-pin\/","url_meta":{"origin":40264,"position":1},"title":"ERB Jubilee pin","author":"Liene L\u016bs\u012bte","date":"13 Nisan 2026","format":false,"excerpt":"European Review of Books Jubilee pin.","rel":"","context":"Benzer yaz\u0131","block_context":{"text":"Benzer yaz\u0131","link":""},"img":{"alt_text":"","src":"https:\/\/i0.wp.com\/europeanreviewofbooks.com\/wp-content\/uploads\/2024\/04\/pin.png?resize=350%2C200&ssl=1","width":350,"height":200,"srcset":"https:\/\/i0.wp.com\/europeanreviewofbooks.com\/wp-content\/uploads\/2024\/04\/pin.png?resize=350%2C200&ssl=1 1x, https:\/\/i0.wp.com\/europeanreviewofbooks.com\/wp-content\/uploads\/2024\/04\/pin.png?resize=525%2C300&ssl=1 1.5x, https:\/\/i0.wp.com\/europeanreviewofbooks.com\/wp-content\/uploads\/2024\/04\/pin.png?resize=700%2C400&ssl=1 2x, https:\/\/i0.wp.com\/europeanreviewofbooks.com\/wp-content\/uploads\/2024\/04\/pin.png?resize=1050%2C600&ssl=1 3x"},"classes":[]},{"id":40246,"url":"https:\/\/europeanreviewofbooks.com\/tr\/product\/erb-jubilee-tote-bag\/","url_meta":{"origin":40264,"position":2},"title":"ERB Jubilee tote bag","author":"Liene L\u016bs\u012bte","date":"13 Nisan 2026","format":false,"excerpt":"European Review of Books Jubilee tote bag.","rel":"","context":"Benzer yaz\u0131","block_context":{"text":"Benzer yaz\u0131","link":""},"img":{"alt_text":"","src":"https:\/\/i0.wp.com\/europeanreviewofbooks.com\/wp-content\/uploads\/2025\/12\/tote1.jpeg?resize=350%2C200&ssl=1","width":350,"height":200,"srcset":"https:\/\/i0.wp.com\/europeanreviewofbooks.com\/wp-content\/uploads\/2025\/12\/tote1.jpeg?resize=350%2C200&ssl=1 1x, https:\/\/i0.wp.com\/europeanreviewofbooks.com\/wp-content\/uploads\/2025\/12\/tote1.jpeg?resize=525%2C300&ssl=1 1.5x, https:\/\/i0.wp.com\/europeanreviewofbooks.com\/wp-content\/uploads\/2025\/12\/tote1.jpeg?resize=700%2C400&ssl=1 2x, https:\/\/i0.wp.com\/europeanreviewofbooks.com\/wp-content\/uploads\/2025\/12\/tote1.jpeg?resize=1050%2C600&ssl=1 3x, https:\/\/i0.wp.com\/europeanreviewofbooks.com\/wp-content\/uploads\/2025\/12\/tote1.jpeg?resize=1400%2C800&ssl=1 4x"},"classes":[]},{"id":164,"url":"https:\/\/europeanreviewofbooks.com\/tr\/product\/digital-yearly\/","url_meta":{"origin":40264,"position":3},"title":"Digital Monthly or Yearly","author":"admin","date":"3 Nisan 2024","format":false,"excerpt":"It\u2019s our Jubilee \u2014 we bring offerings. Become a member with a year-long Digital-only subscription, and we\u2019ll gift you a thank you gift: ERB vignette sticker selection. Fill out the form, so that we know where to send the gift! https:\/\/tally.so\/r\/rjjgYM","rel":"","context":"Benzer yaz\u0131","block_context":{"text":"Benzer yaz\u0131","link":""},"img":{"alt_text":"","src":"https:\/\/i0.wp.com\/europeanreviewofbooks.com\/wp-content\/uploads\/2025\/02\/13.png?resize=350%2C200&ssl=1","width":350,"height":200,"srcset":"https:\/\/i0.wp.com\/europeanreviewofbooks.com\/wp-content\/uploads\/2025\/02\/13.png?resize=350%2C200&ssl=1 1x, https:\/\/i0.wp.com\/europeanreviewofbooks.com\/wp-content\/uploads\/2025\/02\/13.png?resize=525%2C300&ssl=1 1.5x, https:\/\/i0.wp.com\/europeanreviewofbooks.com\/wp-content\/uploads\/2025\/02\/13.png?resize=700%2C400&ssl=1 2x, https:\/\/i0.wp.com\/europeanreviewofbooks.com\/wp-content\/uploads\/2025\/02\/13.png?resize=1050%2C600&ssl=1 3x"},"classes":[]},{"id":38515,"url":"https:\/\/europeanreviewofbooks.com\/tr\/product\/printdigital-jubilee\/","url_meta":{"origin":40264,"position":4},"title":"Print+Digital","author":"admin","date":"18 Aral\u0131k 2025","format":false,"excerpt":"It\u2019s our Jubilee \u2014 we bring offerings. Become a member with Print+Digital subscription, and we\u2019ll gift you a thank you gift: the ERB tote bag. See more on our Jubilee page.","rel":"","context":"Benzer yaz\u0131","block_context":{"text":"Benzer yaz\u0131","link":""},"img":{"alt_text":"","src":"https:\/\/i0.wp.com\/europeanreviewofbooks.com\/wp-content\/uploads\/2024\/04\/IMG_3209-positive-2-1080x1080-1.webp?resize=350%2C200&ssl=1","width":350,"height":200,"srcset":"https:\/\/i0.wp.com\/europeanreviewofbooks.com\/wp-content\/uploads\/2024\/04\/IMG_3209-positive-2-1080x1080-1.webp?resize=350%2C200&ssl=1 1x, https:\/\/i0.wp.com\/europeanreviewofbooks.com\/wp-content\/uploads\/2024\/04\/IMG_3209-positive-2-1080x1080-1.webp?resize=525%2C300&ssl=1 1.5x"},"classes":[]},{"id":38747,"url":"https:\/\/europeanreviewofbooks.com\/tr\/product\/gift-stickers\/","url_meta":{"origin":40264,"position":5},"title":"Stickers","author":"Liene L\u016bs\u012bte","date":"22 Aral\u0131k 2025","format":false,"excerpt":"","rel":"","context":"Benzer yaz\u0131","block_context":{"text":"Benzer yaz\u0131","link":""},"img":{"alt_text":"","src":"https:\/\/i0.wp.com\/europeanreviewofbooks.com\/wp-content\/uploads\/2024\/04\/Stickers.png?resize=350%2C200&ssl=1","width":350,"height":200,"srcset":"https:\/\/i0.wp.com\/europeanreviewofbooks.com\/wp-content\/uploads\/2024\/04\/Stickers.png?resize=350%2C200&ssl=1 1x, https:\/\/i0.wp.com\/europeanreviewofbooks.com\/wp-content\/uploads\/2024\/04\/Stickers.png?resize=525%2C300&ssl=1 1.5x, https:\/\/i0.wp.com\/europeanreviewofbooks.com\/wp-content\/uploads\/2024\/04\/Stickers.png?resize=700%2C400&ssl=1 2x, https:\/\/i0.wp.com\/europeanreviewofbooks.com\/wp-content\/uploads\/2024\/04\/Stickers.png?resize=1050%2C600&ssl=1 3x, https:\/\/i0.wp.com\/europeanreviewofbooks.com\/wp-content\/uploads\/2024\/04\/Stickers.png?resize=1400%2C800&ssl=1 4x"},"classes":[]}],"mfb_rest_fields":["title","yoast_head","yoast_head_json","jetpack_sharing_enabled","jetpack-related-posts"],"_links":{"self":[{"href":"https:\/\/europeanreviewofbooks.com\/tr\/wp-json\/wp\/v2\/product\/40264","targetHints":{"allow":["GET"]}}],"collection":[{"href":"https:\/\/europeanreviewofbooks.com\/tr\/wp-json\/wp\/v2\/product"}],"about":[{"href":"https:\/\/europeanreviewofbooks.com\/tr\/wp-json\/wp\/v2\/types\/product"}],"wp:featuredmedia":[{"embeddable":true,"href":"https:\/\/europeanreviewofbooks.com\/tr\/wp-json\/wp\/v2\/media\/35053"}],"wp:attachment":[{"href":"https:\/\/europeanreviewofbooks.com\/tr\/wp-json\/wp\/v2\/media?parent=40264"}],"wp:term":[{"taxonomy":"product_brand","embeddable":true,"href":"https:\/\/europeanreviewofbooks.com\/tr\/wp-json\/wp\/v2\/product_brand?post=40264"},{"taxonomy":"product_cat","embeddable":true,"href":"https:\/\/europeanreviewofbooks.com\/tr\/wp-json\/wp\/v2\/product_cat?post=40264"},{"taxonomy":"product_tag","embeddable":true,"href":"https:\/\/europeanreviewofbooks.com\/tr\/wp-json\/wp\/v2\/product_tag?post=40264"}],"curies":[{"name":"wp","href":"https:\/\/api.w.org\/{rel}","templated":true}]}}